{"id":31516,"date":"2023-04-28T18:15:10","date_gmt":"2023-04-28T16:15:10","guid":{"rendered":"https:\/\/imolatecnica.it\/facades-ventilees\/finitions-de-facades-ventilees\/"},"modified":"2023-04-28T18:15:10","modified_gmt":"2023-04-28T16:15:10","slug":"finitions-de-facades-ventilees","status":"publish","type":"page","link":"https:\/\/imolatecnica.it\/fr\/facades-ventilees\/finitions-de-facades-ventilees\/","title":{"rendered":"Finitions de fa\u00e7ades ventil\u00e9es"},"content":{"rendered":"","protected":false},"excerpt":{"rendered":"","protected":false},"author":4,"featured_media":3022,"parent":384,"menu_order":60,"comment_status":"closed","ping_status":"closed","template":"template-pages\/abstract-template-fv.php","meta":{"_acf_changed":false},"class_list":["post-31516","page","type-page","status-publish","has-post-thumbnail","hentry"],"acf":[],"yoast_head":"<!-- This site is optimized with the Yoast SEO plugin v27.4 - https:\/\/yoast.com\/product\/yoast-seo-wordpress\/ -->\n<title>Finitions de fa\u00e7ades ventil\u00e9es - Imola Tecnica<\/title>\n<meta name=\"description\" content=\"Azuma est la mat\u00e9rialisation d&#039;une nouvelle philosophie du design qui s&#039;inspire de la mani\u00e8re de concevoir les espaces de vie et de l&#039;id\u00e9e m\u00eame de spatialit\u00e9 au Japon.\" \/>\n<meta name=\"robots\" content=\"index, follow, max-snippet:-1, max-image-preview:large, max-video-preview:-1\" \/>\n<link rel=\"canonical\" href=\"https:\/\/imolatecnica.it\/fr\/facades-ventilees\/finitions-de-facades-ventilees\/\" \/>\n<meta property=\"og:locale\" content=\"fr_FR\" \/>\n<meta property=\"og:type\" content=\"article\" \/>\n<meta property=\"og:title\" content=\"Finitions de fa\u00e7ades ventil\u00e9es - Imola Tecnica\" \/>\n<meta property=\"og:description\" content=\"Azuma est la mat\u00e9rialisation d&#039;une nouvelle philosophie du design qui s&#039;inspire de la mani\u00e8re de concevoir les espaces de vie et de l&#039;id\u00e9e m\u00eame de spatialit\u00e9 au Japon.\" \/>\n<meta property=\"og:url\" content=\"https:\/\/imolatecnica.it\/fr\/facades-ventilees\/finitions-de-facades-ventilees\/\" \/>\n<meta property=\"og:site_name\" content=\"Imola Tecnica\" \/>\n<meta property=\"og:image\" content=\"https:\/\/imolatecnica.it\/wp-content\/uploads\/2018\/02\/1_AZUMA-AG@1x.jpg\" \/>\n\t<meta property=\"og:image:width\" content=\"800\" \/>\n\t<meta property=\"og:image:height\" content=\"800\" \/>\n\t<meta property=\"og:image:type\" content=\"image\/jpeg\" \/>\n<meta name=\"twitter:card\" content=\"summary_large_image\" \/>\n<script type=\"application\/ld+json\" class=\"yoast-schema-graph\">{\"@context\":\"https:\\\/\\\/schema.org\",\"@graph\":[{\"@type\":\"WebPage\",\"@id\":\"https:\\\/\\\/imolatecnica.it\\\/fr\\\/facades-ventilees\\\/finitions-de-facades-ventilees\\\/\",\"url\":\"https:\\\/\\\/imolatecnica.it\\\/fr\\\/facades-ventilees\\\/finitions-de-facades-ventilees\\\/\",\"name\":\"Finitions de fa\u00e7ades ventil\u00e9es - Imola Tecnica\",\"isPartOf\":{\"@id\":\"https:\\\/\\\/imolatecnica.it\\\/fr\\\/#website\"},\"primaryImageOfPage\":{\"@id\":\"https:\\\/\\\/imolatecnica.it\\\/fr\\\/facades-ventilees\\\/finitions-de-facades-ventilees\\\/#primaryimage\"},\"image\":{\"@id\":\"https:\\\/\\\/imolatecnica.it\\\/fr\\\/facades-ventilees\\\/finitions-de-facades-ventilees\\\/#primaryimage\"},\"thumbnailUrl\":\"https:\\\/\\\/imolatecnica.it\\\/wp-content\\\/uploads\\\/2018\\\/02\\\/1_AZUMA-AG@1x.jpg\",\"datePublished\":\"2023-04-28T16:15:10+00:00\",\"description\":\"Azuma est la mat\u00e9rialisation d'une nouvelle philosophie du design qui s'inspire de la mani\u00e8re de concevoir les espaces de vie et de l'id\u00e9e m\u00eame de spatialit\u00e9 au Japon.\",\"breadcrumb\":{\"@id\":\"https:\\\/\\\/imolatecnica.it\\\/fr\\\/facades-ventilees\\\/finitions-de-facades-ventilees\\\/#breadcrumb\"},\"inLanguage\":\"fr-FR\",\"potentialAction\":[{\"@type\":\"ReadAction\",\"target\":[\"https:\\\/\\\/imolatecnica.it\\\/fr\\\/facades-ventilees\\\/finitions-de-facades-ventilees\\\/\"]}]},{\"@type\":\"ImageObject\",\"inLanguage\":\"fr-FR\",\"@id\":\"https:\\\/\\\/imolatecnica.it\\\/fr\\\/facades-ventilees\\\/finitions-de-facades-ventilees\\\/#primaryimage\",\"url\":\"https:\\\/\\\/imolatecnica.it\\\/wp-content\\\/uploads\\\/2018\\\/02\\\/1_AZUMA-AG@1x.jpg\",\"contentUrl\":\"https:\\\/\\\/imolatecnica.it\\\/wp-content\\\/uploads\\\/2018\\\/02\\\/1_AZUMA-AG@1x.jpg\",\"width\":800,\"height\":800},{\"@type\":\"BreadcrumbList\",\"@id\":\"https:\\\/\\\/imolatecnica.it\\\/fr\\\/facades-ventilees\\\/finitions-de-facades-ventilees\\\/#breadcrumb\",\"itemListElement\":[{\"@type\":\"ListItem\",\"position\":1,\"name\":\"Home\",\"item\":\"https:\\\/\\\/imolatecnica.it\\\/fr\\\/imola-tecnica\\\/\"},{\"@type\":\"ListItem\",\"position\":2,\"name\":\"Fa\u00e7ades ventil\u00e9es\",\"item\":\"https:\\\/\\\/imolatecnica.it\\\/fr\\\/facades-ventilees\\\/\"},{\"@type\":\"ListItem\",\"position\":3,\"name\":\"Finitions de fa\u00e7ades ventil\u00e9es\"}]},{\"@type\":\"WebSite\",\"@id\":\"https:\\\/\\\/imolatecnica.it\\\/fr\\\/#website\",\"url\":\"https:\\\/\\\/imolatecnica.it\\\/fr\\\/\",\"name\":\"Imola Tecnica\",\"description\":\"Progettiamo e realizziamo facciate ventilate e pavimenti sopraelevati.\",\"publisher\":{\"@id\":\"https:\\\/\\\/imolatecnica.it\\\/fr\\\/#organization\"},\"potentialAction\":[{\"@type\":\"SearchAction\",\"target\":{\"@type\":\"EntryPoint\",\"urlTemplate\":\"https:\\\/\\\/imolatecnica.it\\\/fr\\\/?s={search_term_string}\"},\"query-input\":{\"@type\":\"PropertyValueSpecification\",\"valueRequired\":true,\"valueName\":\"search_term_string\"}}],\"inLanguage\":\"fr-FR\"},{\"@type\":\"Organization\",\"@id\":\"https:\\\/\\\/imolatecnica.it\\\/fr\\\/#organization\",\"name\":\"Imola Tecnica\",\"url\":\"https:\\\/\\\/imolatecnica.it\\\/fr\\\/\",\"logo\":{\"@type\":\"ImageObject\",\"inLanguage\":\"fr-FR\",\"@id\":\"https:\\\/\\\/imolatecnica.it\\\/fr\\\/#\\\/schema\\\/logo\\\/image\\\/\",\"url\":\"https:\\\/\\\/imolatecnica.it\\\/wp-content\\\/uploads\\\/2018\\\/06\\\/logotype@2x.jpg\",\"contentUrl\":\"https:\\\/\\\/imolatecnica.it\\\/wp-content\\\/uploads\\\/2018\\\/06\\\/logotype@2x.jpg\",\"width\":1684,\"height\":1192,\"caption\":\"Imola Tecnica\"},\"image\":{\"@id\":\"https:\\\/\\\/imolatecnica.it\\\/fr\\\/#\\\/schema\\\/logo\\\/image\\\/\"},\"sameAs\":[\"https:\\\/\\\/www.linkedin.com\\\/company\\\/imola-tecnica-srl\\\/\"]}]}<\/script>\n<!-- \/ Yoast SEO plugin. -->","yoast_head_json":{"title":"Finitions de fa\u00e7ades ventil\u00e9es - Imola Tecnica","description":"Azuma est la mat\u00e9rialisation d'une nouvelle philosophie du design qui s'inspire de la mani\u00e8re de concevoir les espaces de vie et de l'id\u00e9e m\u00eame de spatialit\u00e9 au Japon.","robots":{"index":"index","follow":"follow","max-snippet":"max-snippet:-1","max-image-preview":"max-image-preview:large","max-video-preview":"max-video-preview:-1"},"canonical":"https:\/\/imolatecnica.it\/fr\/facades-ventilees\/finitions-de-facades-ventilees\/","og_locale":"fr_FR","og_type":"article","og_title":"Finitions de fa\u00e7ades ventil\u00e9es - Imola Tecnica","og_description":"Azuma est la mat\u00e9rialisation d'une nouvelle philosophie du design qui s'inspire de la mani\u00e8re de concevoir les espaces de vie et de l'id\u00e9e m\u00eame de spatialit\u00e9 au Japon.","og_url":"https:\/\/imolatecnica.it\/fr\/facades-ventilees\/finitions-de-facades-ventilees\/","og_site_name":"Imola Tecnica","og_image":[{"width":800,"height":800,"url":"https:\/\/imolatecnica.it\/wp-content\/uploads\/2018\/02\/1_AZUMA-AG@1x.jpg","type":"image\/jpeg"}],"twitter_card":"summary_large_image","schema":{"@context":"https:\/\/schema.org","@graph":[{"@type":"WebPage","@id":"https:\/\/imolatecnica.it\/fr\/facades-ventilees\/finitions-de-facades-ventilees\/","url":"https:\/\/imolatecnica.it\/fr\/facades-ventilees\/finitions-de-facades-ventilees\/","name":"Finitions de fa\u00e7ades ventil\u00e9es - Imola Tecnica","isPartOf":{"@id":"https:\/\/imolatecnica.it\/fr\/#website"},"primaryImageOfPage":{"@id":"https:\/\/imolatecnica.it\/fr\/facades-ventilees\/finitions-de-facades-ventilees\/#primaryimage"},"image":{"@id":"https:\/\/imolatecnica.it\/fr\/facades-ventilees\/finitions-de-facades-ventilees\/#primaryimage"},"thumbnailUrl":"https:\/\/imolatecnica.it\/wp-content\/uploads\/2018\/02\/1_AZUMA-AG@1x.jpg","datePublished":"2023-04-28T16:15:10+00:00","description":"Azuma est la mat\u00e9rialisation d'une nouvelle philosophie du design qui s'inspire de la mani\u00e8re de concevoir les espaces de vie et de l'id\u00e9e m\u00eame de spatialit\u00e9 au Japon.","breadcrumb":{"@id":"https:\/\/imolatecnica.it\/fr\/facades-ventilees\/finitions-de-facades-ventilees\/#breadcrumb"},"inLanguage":"fr-FR","potentialAction":[{"@type":"ReadAction","target":["https:\/\/imolatecnica.it\/fr\/facades-ventilees\/finitions-de-facades-ventilees\/"]}]},{"@type":"ImageObject","inLanguage":"fr-FR","@id":"https:\/\/imolatecnica.it\/fr\/facades-ventilees\/finitions-de-facades-ventilees\/#primaryimage","url":"https:\/\/imolatecnica.it\/wp-content\/uploads\/2018\/02\/1_AZUMA-AG@1x.jpg","contentUrl":"https:\/\/imolatecnica.it\/wp-content\/uploads\/2018\/02\/1_AZUMA-AG@1x.jpg","width":800,"height":800},{"@type":"BreadcrumbList","@id":"https:\/\/imolatecnica.it\/fr\/facades-ventilees\/finitions-de-facades-ventilees\/#breadcrumb","itemListElement":[{"@type":"ListItem","position":1,"name":"Home","item":"https:\/\/imolatecnica.it\/fr\/imola-tecnica\/"},{"@type":"ListItem","position":2,"name":"Fa\u00e7ades ventil\u00e9es","item":"https:\/\/imolatecnica.it\/fr\/facades-ventilees\/"},{"@type":"ListItem","position":3,"name":"Finitions de fa\u00e7ades ventil\u00e9es"}]},{"@type":"WebSite","@id":"https:\/\/imolatecnica.it\/fr\/#website","url":"https:\/\/imolatecnica.it\/fr\/","name":"Imola Tecnica","description":"Progettiamo e realizziamo facciate ventilate e pavimenti sopraelevati.","publisher":{"@id":"https:\/\/imolatecnica.it\/fr\/#organization"},"potentialAction":[{"@type":"SearchAction","target":{"@type":"EntryPoint","urlTemplate":"https:\/\/imolatecnica.it\/fr\/?s={search_term_string}"},"query-input":{"@type":"PropertyValueSpecification","valueRequired":true,"valueName":"search_term_string"}}],"inLanguage":"fr-FR"},{"@type":"Organization","@id":"https:\/\/imolatecnica.it\/fr\/#organization","name":"Imola Tecnica","url":"https:\/\/imolatecnica.it\/fr\/","logo":{"@type":"ImageObject","inLanguage":"fr-FR","@id":"https:\/\/imolatecnica.it\/fr\/#\/schema\/logo\/image\/","url":"https:\/\/imolatecnica.it\/wp-content\/uploads\/2018\/06\/logotype@2x.jpg","contentUrl":"https:\/\/imolatecnica.it\/wp-content\/uploads\/2018\/06\/logotype@2x.jpg","width":1684,"height":1192,"caption":"Imola Tecnica"},"image":{"@id":"https:\/\/imolatecnica.it\/fr\/#\/schema\/logo\/image\/"},"sameAs":["https:\/\/www.linkedin.com\/company\/imola-tecnica-srl\/"]}]}},"_links":{"self":[{"href":"https:\/\/imolatecnica.it\/fr\/wp-json\/wp\/v2\/pages\/31516","targetHints":{"allow":["GET"]}}],"collection":[{"href":"https:\/\/imolatecnica.it\/fr\/wp-json\/wp\/v2\/pages"}],"about":[{"href":"https:\/\/imolatecnica.it\/fr\/wp-json\/wp\/v2\/types\/page"}],"author":[{"embeddable":true,"href":"https:\/\/imolatecnica.it\/fr\/wp-json\/wp\/v2\/users\/4"}],"replies":[{"embeddable":true,"href":"https:\/\/imolatecnica.it\/fr\/wp-json\/wp\/v2\/comments?post=31516"}],"version-history":[{"count":0,"href":"https:\/\/imolatecnica.it\/fr\/wp-json\/wp\/v2\/pages\/31516\/revisions"}],"up":[{"embeddable":true,"href":"https:\/\/imolatecnica.it\/fr\/wp-json\/wp\/v2\/pages\/384"}],"wp:featuredmedia":[{"embeddable":true,"href":"https:\/\/imolatecnica.it\/fr\/wp-json\/wp\/v2\/media\/3022"}],"wp:attachment":[{"href":"https:\/\/imolatecnica.it\/fr\/wp-json\/wp\/v2\/media?parent=31516"}],"curies":[{"name":"wp","href":"https:\/\/api.w.org\/{rel}","templated":true}]}}