{"id":31499,"date":"2022-12-20T10:12:12","date_gmt":"2022-12-20T09:12:12","guid":{"rendered":"https:\/\/imolatecnica.it\/ciment\/"},"modified":"2025-10-07T16:48:36","modified_gmt":"2025-10-07T14:48:36","slug":"ciment","status":"publish","type":"page","link":"https:\/\/imolatecnica.it\/fr\/facades-ventilees\/finitions-de-facades-ventilees\/ciment\/","title":{"rendered":"Ciment"},"content":{"rendered":"<p>Lorem ipsum dolor sit amet, consectetur adipiscing elit. Vestibulum est dui, tincidunt eu elementum quis, vulputate quis felis. Donec posuere sodales justo mattis vulputate. Curabitur at quam nisl. Donec suscipit, risus in viverra dignissim, lacus justo tincidunt risus, vel vulputate nisl lacus at felis. Aliquam tristique magna eget velit auctor, sed semper mi euismod. Maecenas non egestas erat, eu pharetra mauris. Mauris hendrerit consequat ipsum. Phasellus posuere rhoncus felis, eget tincidunt odio auctor sit amet. Sed sollicitudin orci ultricies, fermentum quam id, auctor nunc. Integer condimentum semper orci, id ultrices sem laoreet in. Mauris rutrum interdum ornare. Fusce tincidunt convallis lectus eget hendrerit. Fusce fringilla, dui quis efficitur porttitor, velit velit semper magna, eu placerat augue odio in felis. Fusce ultricies leo et nulla bibendum, a pulvinar arcu vestibulum. Duis consequat quis sem ut pellentesque. Duis placerat vestibulum sem, id auctor nunc eleifend in.<\/p>\n<p>Nulla tincidunt tortor in risus efficitur, id finibus felis auctor. Vivamus imperdiet orci in leo tincidunt, at tempus velit cursus. Phasellus felis metus, condimentum et finibus ut, facilisis interdum nisl. Integer sed nisi ut sem vulputate scelerisque. Cras vitae velit volutpat, vestibulum nibh nec, feugiat elit. Duis vel urna ultricies sem blandit mollis sed in eros. Nulla velit arcu, venenatis in pellentesque ut, condimentum non urna. Phasellus sed lectus lacinia, suscipit quam eget, tincidunt est.<\/p>\n<p>Suspendisse nisl felis, suscipit id metus eget, malesuada feugiat neque. In at felis quis turpis facilisis aliquet a in nunc. Phasellus porta dignissim urna, eget dapibus lorem volutpat id. Vestibulum vitae felis arcu. Phasellus lectus massa, consequat sed eros sit amet, lobortis congue urna. Morbi accumsan ante ac sem tristique, nec tristique lacus mattis. Etiam consequat tellus nunc, non venenatis tellus cursus ut. Vivamus sagittis sem non gravida pretium. Mauris aliquet condimentum velit, in pretium dui posuere sed. Donec auctor orci ut urna luctus gravida vitae a erat. Nunc nec erat eget diam posuere convallis. Phasellus tristique dictum orci. Quisque lorem velit, mattis at nisl suscipit, lacinia tincidunt dolor. Aliquam luctus mi ex, in bibendum metus placerat eget. Vestibulum suscipit, nisl at condimentum viverra, risus metus mollis libero, cursus euismod erat ex nec turpis.<\/p>\n<p>Phasellus sit amet pulvinar enim. Class aptent taciti sociosqu ad litora torquent per conubia nostra, per inceptos himenaeos. Mauris non ligula est. Donec gravida congue mauris. Ut id pharetra enim. Donec sit amet dapibus metus. Nunc fringilla, orci et consequat varius, elit felis semper neque, id semper libero nisl sagittis eros.<\/p>\n<p>Sed lacinia sapien tortor, ac pharetra purus cursus vitae. Nulla sapien justo, facilisis sed aliquet in, finibus in leo. Duis porttitor tellus vitae ante volutpat, quis scelerisque neque semper. Morbi dolor leo, sagittis vitae dui tempor, fermentum varius orci. Cras faucibus auctor elit, et porttitor nunc gravida id. Curabitur nibh dui, vulputate ut volutpat quis, tincidunt sed arcu. Quisque porta, erat consectetur suscipit faucibus, tellus magna accumsan lectus, at sollicitudin elit nisl vitae dolor. Pellentesque gravida ornare libero, ac posuere mauris maximus sed. Ut pretium elit nisl.<\/p>\n","protected":false},"excerpt":{"rendered":"<p>Lorem ipsum dolor sit amet, consectetur adipiscing elit. Vestibulum est dui, tincidunt eu elementum quis, vulputate quis felis. Donec posuere sodales justo mattis vulputate. Curabitur at quam nisl. Donec suscipit, risus in viverra dignissim, lacus justo tincidunt risus, vel vulputate nisl lacus at felis. Aliquam tristique magna eget velit auctor, sed semper mi euismod. Maecenas [&hellip;]<\/p>\n","protected":false},"author":4,"featured_media":3022,"parent":31516,"menu_order":39,"comment_status":"closed","ping_status":"closed","template":"template-pages\/abstract-template-fv.php","meta":{"_acf_changed":false},"class_list":["post-31499","page","type-page","status-publish","has-post-thumbnail","hentry"],"acf":[],"yoast_head":"<!-- This site is optimized with the Yoast SEO plugin v27.2 - https:\/\/yoast.com\/product\/yoast-seo-wordpress\/ -->\n<title>Ciment - Imola Tecnica<\/title>\n<meta name=\"description\" content=\"Azuma est la mat\u00e9rialisation d\u2019une nouvelle philosophie du design inspir\u00e9e par la fa\u00e7on tr\u00e8s particuli\u00e8re de concevoir les espaces de vie, et l\u2019id\u00e9e m\u00eame d\u2019espace, au Japon.\" \/>\n<meta name=\"robots\" content=\"index, follow, max-snippet:-1, max-image-preview:large, max-video-preview:-1\" \/>\n<link rel=\"canonical\" href=\"https:\/\/imolatecnica.it\/fr\/facades-ventilees\/finitions-de-facades-ventilees\/ciment\/\" \/>\n<meta property=\"og:locale\" content=\"fr_FR\" \/>\n<meta property=\"og:type\" content=\"article\" \/>\n<meta property=\"og:title\" content=\"Ciment - Imola Tecnica\" \/>\n<meta property=\"og:description\" content=\"Azuma est la mat\u00e9rialisation d\u2019une nouvelle philosophie du design inspir\u00e9e par la fa\u00e7on tr\u00e8s particuli\u00e8re de concevoir les espaces de vie, et l\u2019id\u00e9e m\u00eame d\u2019espace, au Japon.\" \/>\n<meta property=\"og:url\" content=\"https:\/\/imolatecnica.it\/fr\/facades-ventilees\/finitions-de-facades-ventilees\/ciment\/\" \/>\n<meta property=\"og:site_name\" content=\"Imola Tecnica\" \/>\n<meta property=\"article:modified_time\" content=\"2025-10-07T14:48:36+00:00\" \/>\n<meta property=\"og:image\" content=\"https:\/\/imolatecnica.it\/wp-content\/uploads\/2018\/02\/1_AZUMA-AG@1x.jpg\" \/>\n\t<meta property=\"og:image:width\" content=\"800\" \/>\n\t<meta property=\"og:image:height\" content=\"800\" \/>\n\t<meta property=\"og:image:type\" content=\"image\/jpeg\" \/>\n<meta name=\"twitter:card\" content=\"summary_large_image\" \/>\n<meta name=\"twitter:label1\" content=\"Dur\u00e9e de lecture estim\u00e9e\" \/>\n\t<meta name=\"twitter:data1\" content=\"1 minute\" \/>\n<script type=\"application\/ld+json\" class=\"yoast-schema-graph\">{\"@context\":\"https:\/\/schema.org\",\"@graph\":[{\"@type\":\"WebPage\",\"@id\":\"https:\/\/imolatecnica.it\/fr\/facades-ventilees\/finitions-de-facades-ventilees\/ciment\/\",\"url\":\"https:\/\/imolatecnica.it\/fr\/facades-ventilees\/finitions-de-facades-ventilees\/ciment\/\",\"name\":\"Ciment - Imola Tecnica\",\"isPartOf\":{\"@id\":\"https:\/\/imolatecnica.it\/fr\/#website\"},\"primaryImageOfPage\":{\"@id\":\"https:\/\/imolatecnica.it\/fr\/facades-ventilees\/finitions-de-facades-ventilees\/ciment\/#primaryimage\"},\"image\":{\"@id\":\"https:\/\/imolatecnica.it\/fr\/facades-ventilees\/finitions-de-facades-ventilees\/ciment\/#primaryimage\"},\"thumbnailUrl\":\"https:\/\/imolatecnica.it\/wp-content\/uploads\/2018\/02\/1_AZUMA-AG@1x.jpg\",\"datePublished\":\"2022-12-20T09:12:12+00:00\",\"dateModified\":\"2025-10-07T14:48:36+00:00\",\"description\":\"Azuma est la mat\u00e9rialisation d\u2019une nouvelle philosophie du design inspir\u00e9e par la fa\u00e7on tr\u00e8s particuli\u00e8re de concevoir les espaces de vie, et l\u2019id\u00e9e m\u00eame d\u2019espace, au Japon.\",\"breadcrumb\":{\"@id\":\"https:\/\/imolatecnica.it\/fr\/facades-ventilees\/finitions-de-facades-ventilees\/ciment\/#breadcrumb\"},\"inLanguage\":\"fr-FR\",\"potentialAction\":[{\"@type\":\"ReadAction\",\"target\":[\"https:\/\/imolatecnica.it\/fr\/facades-ventilees\/finitions-de-facades-ventilees\/ciment\/\"]}]},{\"@type\":\"ImageObject\",\"inLanguage\":\"fr-FR\",\"@id\":\"https:\/\/imolatecnica.it\/fr\/facades-ventilees\/finitions-de-facades-ventilees\/ciment\/#primaryimage\",\"url\":\"https:\/\/imolatecnica.it\/wp-content\/uploads\/2018\/02\/1_AZUMA-AG@1x.jpg\",\"contentUrl\":\"https:\/\/imolatecnica.it\/wp-content\/uploads\/2018\/02\/1_AZUMA-AG@1x.jpg\",\"width\":800,\"height\":800},{\"@type\":\"BreadcrumbList\",\"@id\":\"https:\/\/imolatecnica.it\/fr\/facades-ventilees\/finitions-de-facades-ventilees\/ciment\/#breadcrumb\",\"itemListElement\":[{\"@type\":\"ListItem\",\"position\":1,\"name\":\"Home\",\"item\":\"https:\/\/imolatecnica.it\/fr\/imola-tecnica\/\"},{\"@type\":\"ListItem\",\"position\":2,\"name\":\"Fa\u00e7ades ventil\u00e9es\",\"item\":\"https:\/\/imolatecnica.it\/fr\/facades-ventilees\/\"},{\"@type\":\"ListItem\",\"position\":3,\"name\":\"Finitions de fa\u00e7ades ventil\u00e9es\",\"item\":\"https:\/\/imolatecnica.it\/fr\/facades-ventilees\/finitions-de-facades-ventilees\/\"},{\"@type\":\"ListItem\",\"position\":4,\"name\":\"Ciment\"}]},{\"@type\":\"WebSite\",\"@id\":\"https:\/\/imolatecnica.it\/fr\/#website\",\"url\":\"https:\/\/imolatecnica.it\/fr\/\",\"name\":\"Imola Tecnica\",\"description\":\"Progettiamo e realizziamo facciate ventilate e pavimenti sopraelevati.\",\"publisher\":{\"@id\":\"https:\/\/imolatecnica.it\/fr\/#organization\"},\"potentialAction\":[{\"@type\":\"SearchAction\",\"target\":{\"@type\":\"EntryPoint\",\"urlTemplate\":\"https:\/\/imolatecnica.it\/fr\/?s={search_term_string}\"},\"query-input\":{\"@type\":\"PropertyValueSpecification\",\"valueRequired\":true,\"valueName\":\"search_term_string\"}}],\"inLanguage\":\"fr-FR\"},{\"@type\":\"Organization\",\"@id\":\"https:\/\/imolatecnica.it\/fr\/#organization\",\"name\":\"Imola Tecnica\",\"url\":\"https:\/\/imolatecnica.it\/fr\/\",\"logo\":{\"@type\":\"ImageObject\",\"inLanguage\":\"fr-FR\",\"@id\":\"https:\/\/imolatecnica.it\/fr\/#\/schema\/logo\/image\/\",\"url\":\"https:\/\/imolatecnica.it\/wp-content\/uploads\/2018\/06\/logotype@2x.jpg\",\"contentUrl\":\"https:\/\/imolatecnica.it\/wp-content\/uploads\/2018\/06\/logotype@2x.jpg\",\"width\":1684,\"height\":1192,\"caption\":\"Imola Tecnica\"},\"image\":{\"@id\":\"https:\/\/imolatecnica.it\/fr\/#\/schema\/logo\/image\/\"},\"sameAs\":[\"https:\/\/www.linkedin.com\/company\/imola-tecnica-srl\/\"]}]}<\/script>\n<!-- \/ Yoast SEO plugin. -->","yoast_head_json":{"title":"Ciment - Imola Tecnica","description":"Azuma est la mat\u00e9rialisation d\u2019une nouvelle philosophie du design inspir\u00e9e par la fa\u00e7on tr\u00e8s particuli\u00e8re de concevoir les espaces de vie, et l\u2019id\u00e9e m\u00eame d\u2019espace, au Japon.","robots":{"index":"index","follow":"follow","max-snippet":"max-snippet:-1","max-image-preview":"max-image-preview:large","max-video-preview":"max-video-preview:-1"},"canonical":"https:\/\/imolatecnica.it\/fr\/facades-ventilees\/finitions-de-facades-ventilees\/ciment\/","og_locale":"fr_FR","og_type":"article","og_title":"Ciment - Imola Tecnica","og_description":"Azuma est la mat\u00e9rialisation d\u2019une nouvelle philosophie du design inspir\u00e9e par la fa\u00e7on tr\u00e8s particuli\u00e8re de concevoir les espaces de vie, et l\u2019id\u00e9e m\u00eame d\u2019espace, au Japon.","og_url":"https:\/\/imolatecnica.it\/fr\/facades-ventilees\/finitions-de-facades-ventilees\/ciment\/","og_site_name":"Imola Tecnica","article_modified_time":"2025-10-07T14:48:36+00:00","og_image":[{"width":800,"height":800,"url":"https:\/\/imolatecnica.it\/wp-content\/uploads\/2018\/02\/1_AZUMA-AG@1x.jpg","type":"image\/jpeg"}],"twitter_card":"summary_large_image","twitter_misc":{"Dur\u00e9e de lecture estim\u00e9e":"1 minute"},"schema":{"@context":"https:\/\/schema.org","@graph":[{"@type":"WebPage","@id":"https:\/\/imolatecnica.it\/fr\/facades-ventilees\/finitions-de-facades-ventilees\/ciment\/","url":"https:\/\/imolatecnica.it\/fr\/facades-ventilees\/finitions-de-facades-ventilees\/ciment\/","name":"Ciment - Imola Tecnica","isPartOf":{"@id":"https:\/\/imolatecnica.it\/fr\/#website"},"primaryImageOfPage":{"@id":"https:\/\/imolatecnica.it\/fr\/facades-ventilees\/finitions-de-facades-ventilees\/ciment\/#primaryimage"},"image":{"@id":"https:\/\/imolatecnica.it\/fr\/facades-ventilees\/finitions-de-facades-ventilees\/ciment\/#primaryimage"},"thumbnailUrl":"https:\/\/imolatecnica.it\/wp-content\/uploads\/2018\/02\/1_AZUMA-AG@1x.jpg","datePublished":"2022-12-20T09:12:12+00:00","dateModified":"2025-10-07T14:48:36+00:00","description":"Azuma est la mat\u00e9rialisation d\u2019une nouvelle philosophie du design inspir\u00e9e par la fa\u00e7on tr\u00e8s particuli\u00e8re de concevoir les espaces de vie, et l\u2019id\u00e9e m\u00eame d\u2019espace, au Japon.","breadcrumb":{"@id":"https:\/\/imolatecnica.it\/fr\/facades-ventilees\/finitions-de-facades-ventilees\/ciment\/#breadcrumb"},"inLanguage":"fr-FR","potentialAction":[{"@type":"ReadAction","target":["https:\/\/imolatecnica.it\/fr\/facades-ventilees\/finitions-de-facades-ventilees\/ciment\/"]}]},{"@type":"ImageObject","inLanguage":"fr-FR","@id":"https:\/\/imolatecnica.it\/fr\/facades-ventilees\/finitions-de-facades-ventilees\/ciment\/#primaryimage","url":"https:\/\/imolatecnica.it\/wp-content\/uploads\/2018\/02\/1_AZUMA-AG@1x.jpg","contentUrl":"https:\/\/imolatecnica.it\/wp-content\/uploads\/2018\/02\/1_AZUMA-AG@1x.jpg","width":800,"height":800},{"@type":"BreadcrumbList","@id":"https:\/\/imolatecnica.it\/fr\/facades-ventilees\/finitions-de-facades-ventilees\/ciment\/#breadcrumb","itemListElement":[{"@type":"ListItem","position":1,"name":"Home","item":"https:\/\/imolatecnica.it\/fr\/imola-tecnica\/"},{"@type":"ListItem","position":2,"name":"Fa\u00e7ades ventil\u00e9es","item":"https:\/\/imolatecnica.it\/fr\/facades-ventilees\/"},{"@type":"ListItem","position":3,"name":"Finitions de fa\u00e7ades ventil\u00e9es","item":"https:\/\/imolatecnica.it\/fr\/facades-ventilees\/finitions-de-facades-ventilees\/"},{"@type":"ListItem","position":4,"name":"Ciment"}]},{"@type":"WebSite","@id":"https:\/\/imolatecnica.it\/fr\/#website","url":"https:\/\/imolatecnica.it\/fr\/","name":"Imola Tecnica","description":"Progettiamo e realizziamo facciate ventilate e pavimenti sopraelevati.","publisher":{"@id":"https:\/\/imolatecnica.it\/fr\/#organization"},"potentialAction":[{"@type":"SearchAction","target":{"@type":"EntryPoint","urlTemplate":"https:\/\/imolatecnica.it\/fr\/?s={search_term_string}"},"query-input":{"@type":"PropertyValueSpecification","valueRequired":true,"valueName":"search_term_string"}}],"inLanguage":"fr-FR"},{"@type":"Organization","@id":"https:\/\/imolatecnica.it\/fr\/#organization","name":"Imola Tecnica","url":"https:\/\/imolatecnica.it\/fr\/","logo":{"@type":"ImageObject","inLanguage":"fr-FR","@id":"https:\/\/imolatecnica.it\/fr\/#\/schema\/logo\/image\/","url":"https:\/\/imolatecnica.it\/wp-content\/uploads\/2018\/06\/logotype@2x.jpg","contentUrl":"https:\/\/imolatecnica.it\/wp-content\/uploads\/2018\/06\/logotype@2x.jpg","width":1684,"height":1192,"caption":"Imola Tecnica"},"image":{"@id":"https:\/\/imolatecnica.it\/fr\/#\/schema\/logo\/image\/"},"sameAs":["https:\/\/www.linkedin.com\/company\/imola-tecnica-srl\/"]}]}},"_links":{"self":[{"href":"https:\/\/imolatecnica.it\/fr\/wp-json\/wp\/v2\/pages\/31499","targetHints":{"allow":["GET"]}}],"collection":[{"href":"https:\/\/imolatecnica.it\/fr\/wp-json\/wp\/v2\/pages"}],"about":[{"href":"https:\/\/imolatecnica.it\/fr\/wp-json\/wp\/v2\/types\/page"}],"author":[{"embeddable":true,"href":"https:\/\/imolatecnica.it\/fr\/wp-json\/wp\/v2\/users\/4"}],"replies":[{"embeddable":true,"href":"https:\/\/imolatecnica.it\/fr\/wp-json\/wp\/v2\/comments?post=31499"}],"version-history":[{"count":3,"href":"https:\/\/imolatecnica.it\/fr\/wp-json\/wp\/v2\/pages\/31499\/revisions"}],"predecessor-version":[{"id":70219,"href":"https:\/\/imolatecnica.it\/fr\/wp-json\/wp\/v2\/pages\/31499\/revisions\/70219"}],"up":[{"embeddable":true,"href":"https:\/\/imolatecnica.it\/fr\/wp-json\/wp\/v2\/pages\/31516"}],"wp:featuredmedia":[{"embeddable":true,"href":"https:\/\/imolatecnica.it\/fr\/wp-json\/wp\/v2\/media\/3022"}],"wp:attachment":[{"href":"https:\/\/imolatecnica.it\/fr\/wp-json\/wp\/v2\/media?parent=31499"}],"curies":[{"name":"wp","href":"https:\/\/api.w.org\/{rel}","templated":true}]}}