{"id":31273,"date":"2024-01-03T11:57:38","date_gmt":"2024-01-03T10:57:38","guid":{"rendered":"https:\/\/imolatecnica.it\/?page_id=31273"},"modified":"2025-10-07T17:29:53","modified_gmt":"2025-10-07T15:29:53","slug":"contemporain","status":"publish","type":"page","link":"https:\/\/imolatecnica.it\/fr\/facades-ventilees\/finitions-de-facades-ventilees\/contemporain\/","title":{"rendered":"Contemporain"},"content":{"rendered":"<h3>Syst\u00e8mes d&rsquo;accouplement<\/h3>\n","protected":false},"excerpt":{"rendered":"<p>Syst\u00e8mes d&rsquo;accouplement<\/p>\n","protected":false},"author":4,"featured_media":3070,"parent":31516,"menu_order":139,"comment_status":"closed","ping_status":"closed","template":"template-pages\/abstract-template-fv.php","meta":{"_acf_changed":false},"class_list":["post-31273","page","type-page","status-publish","has-post-thumbnail","hentry"],"acf":[],"yoast_head":"<!-- This site is optimized with the Yoast SEO plugin v27.2 - https:\/\/yoast.com\/product\/yoast-seo-wordpress\/ -->\n<title>Contemporain - Imola Tecnica<\/title>\n<meta name=\"description\" content=\"Polyvalent, avec des formats modulaires et des gammes de couleurs qui peuvent \u00eatre m\u00e9lang\u00e9es pour cr\u00e9er des effets esth\u00e9tiques surprenants.\" \/>\n<meta name=\"robots\" content=\"index, follow, max-snippet:-1, max-image-preview:large, max-video-preview:-1\" \/>\n<link rel=\"canonical\" href=\"https:\/\/imolatecnica.it\/fr\/facades-ventilees\/finitions-de-facades-ventilees\/contemporain\/\" \/>\n<meta property=\"og:locale\" content=\"fr_FR\" \/>\n<meta property=\"og:type\" content=\"article\" \/>\n<meta property=\"og:title\" content=\"Contemporain - Imola Tecnica\" \/>\n<meta property=\"og:description\" content=\"Polyvalent, avec des formats modulaires et des gammes de couleurs qui peuvent \u00eatre m\u00e9lang\u00e9es pour cr\u00e9er des effets esth\u00e9tiques surprenants.\" \/>\n<meta property=\"og:url\" content=\"https:\/\/imolatecnica.it\/fr\/facades-ventilees\/finitions-de-facades-ventilees\/contemporain\/\" \/>\n<meta property=\"og:site_name\" content=\"Imola Tecnica\" \/>\n<meta property=\"article:modified_time\" content=\"2025-10-07T15:29:53+00:00\" \/>\n<meta property=\"og:image\" content=\"https:\/\/imolatecnica.it\/wp-content\/uploads\/2018\/02\/1_ICON-ALMOND@1x.jpg\" \/>\n\t<meta property=\"og:image:width\" content=\"800\" \/>\n\t<meta property=\"og:image:height\" content=\"800\" \/>\n\t<meta property=\"og:image:type\" content=\"image\/jpeg\" \/>\n<meta name=\"twitter:card\" content=\"summary_large_image\" \/>\n<meta name=\"twitter:label1\" content=\"Dur\u00e9e de lecture estim\u00e9e\" \/>\n\t<meta name=\"twitter:data1\" content=\"1 minute\" \/>\n<script type=\"application\/ld+json\" class=\"yoast-schema-graph\">{\"@context\":\"https:\/\/schema.org\",\"@graph\":[{\"@type\":\"WebPage\",\"@id\":\"https:\/\/imolatecnica.it\/fr\/facades-ventilees\/finitions-de-facades-ventilees\/contemporain\/\",\"url\":\"https:\/\/imolatecnica.it\/fr\/facades-ventilees\/finitions-de-facades-ventilees\/contemporain\/\",\"name\":\"Contemporain - Imola Tecnica\",\"isPartOf\":{\"@id\":\"https:\/\/imolatecnica.it\/fr\/#website\"},\"primaryImageOfPage\":{\"@id\":\"https:\/\/imolatecnica.it\/fr\/facades-ventilees\/finitions-de-facades-ventilees\/contemporain\/#primaryimage\"},\"image\":{\"@id\":\"https:\/\/imolatecnica.it\/fr\/facades-ventilees\/finitions-de-facades-ventilees\/contemporain\/#primaryimage\"},\"thumbnailUrl\":\"https:\/\/imolatecnica.it\/wp-content\/uploads\/2018\/02\/1_ICON-ALMOND@1x.jpg\",\"datePublished\":\"2024-01-03T10:57:38+00:00\",\"dateModified\":\"2025-10-07T15:29:53+00:00\",\"description\":\"Polyvalent, avec des formats modulaires et des gammes de couleurs qui peuvent \u00eatre m\u00e9lang\u00e9es pour cr\u00e9er des effets esth\u00e9tiques surprenants.\",\"breadcrumb\":{\"@id\":\"https:\/\/imolatecnica.it\/fr\/facades-ventilees\/finitions-de-facades-ventilees\/contemporain\/#breadcrumb\"},\"inLanguage\":\"fr-FR\",\"potentialAction\":[{\"@type\":\"ReadAction\",\"target\":[\"https:\/\/imolatecnica.it\/fr\/facades-ventilees\/finitions-de-facades-ventilees\/contemporain\/\"]}]},{\"@type\":\"ImageObject\",\"inLanguage\":\"fr-FR\",\"@id\":\"https:\/\/imolatecnica.it\/fr\/facades-ventilees\/finitions-de-facades-ventilees\/contemporain\/#primaryimage\",\"url\":\"https:\/\/imolatecnica.it\/wp-content\/uploads\/2018\/02\/1_ICON-ALMOND@1x.jpg\",\"contentUrl\":\"https:\/\/imolatecnica.it\/wp-content\/uploads\/2018\/02\/1_ICON-ALMOND@1x.jpg\",\"width\":800,\"height\":800},{\"@type\":\"BreadcrumbList\",\"@id\":\"https:\/\/imolatecnica.it\/fr\/facades-ventilees\/finitions-de-facades-ventilees\/contemporain\/#breadcrumb\",\"itemListElement\":[{\"@type\":\"ListItem\",\"position\":1,\"name\":\"Home\",\"item\":\"https:\/\/imolatecnica.it\/fr\/imola-tecnica\/\"},{\"@type\":\"ListItem\",\"position\":2,\"name\":\"Fa\u00e7ades ventil\u00e9es\",\"item\":\"https:\/\/imolatecnica.it\/fr\/facades-ventilees\/\"},{\"@type\":\"ListItem\",\"position\":3,\"name\":\"Finitions de fa\u00e7ades ventil\u00e9es\",\"item\":\"https:\/\/imolatecnica.it\/fr\/facades-ventilees\/finitions-de-facades-ventilees\/\"},{\"@type\":\"ListItem\",\"position\":4,\"name\":\"Contemporain\"}]},{\"@type\":\"WebSite\",\"@id\":\"https:\/\/imolatecnica.it\/fr\/#website\",\"url\":\"https:\/\/imolatecnica.it\/fr\/\",\"name\":\"Imola Tecnica\",\"description\":\"Progettiamo e realizziamo facciate ventilate e pavimenti sopraelevati.\",\"publisher\":{\"@id\":\"https:\/\/imolatecnica.it\/fr\/#organization\"},\"potentialAction\":[{\"@type\":\"SearchAction\",\"target\":{\"@type\":\"EntryPoint\",\"urlTemplate\":\"https:\/\/imolatecnica.it\/fr\/?s={search_term_string}\"},\"query-input\":{\"@type\":\"PropertyValueSpecification\",\"valueRequired\":true,\"valueName\":\"search_term_string\"}}],\"inLanguage\":\"fr-FR\"},{\"@type\":\"Organization\",\"@id\":\"https:\/\/imolatecnica.it\/fr\/#organization\",\"name\":\"Imola Tecnica\",\"url\":\"https:\/\/imolatecnica.it\/fr\/\",\"logo\":{\"@type\":\"ImageObject\",\"inLanguage\":\"fr-FR\",\"@id\":\"https:\/\/imolatecnica.it\/fr\/#\/schema\/logo\/image\/\",\"url\":\"https:\/\/imolatecnica.it\/wp-content\/uploads\/2018\/06\/logotype@2x.jpg\",\"contentUrl\":\"https:\/\/imolatecnica.it\/wp-content\/uploads\/2018\/06\/logotype@2x.jpg\",\"width\":1684,\"height\":1192,\"caption\":\"Imola Tecnica\"},\"image\":{\"@id\":\"https:\/\/imolatecnica.it\/fr\/#\/schema\/logo\/image\/\"},\"sameAs\":[\"https:\/\/www.linkedin.com\/company\/imola-tecnica-srl\/\"]}]}<\/script>\n<!-- \/ Yoast SEO plugin. -->","yoast_head_json":{"title":"Contemporain - Imola Tecnica","description":"Polyvalent, avec des formats modulaires et des gammes de couleurs qui peuvent \u00eatre m\u00e9lang\u00e9es pour cr\u00e9er des effets esth\u00e9tiques surprenants.","robots":{"index":"index","follow":"follow","max-snippet":"max-snippet:-1","max-image-preview":"max-image-preview:large","max-video-preview":"max-video-preview:-1"},"canonical":"https:\/\/imolatecnica.it\/fr\/facades-ventilees\/finitions-de-facades-ventilees\/contemporain\/","og_locale":"fr_FR","og_type":"article","og_title":"Contemporain - Imola Tecnica","og_description":"Polyvalent, avec des formats modulaires et des gammes de couleurs qui peuvent \u00eatre m\u00e9lang\u00e9es pour cr\u00e9er des effets esth\u00e9tiques surprenants.","og_url":"https:\/\/imolatecnica.it\/fr\/facades-ventilees\/finitions-de-facades-ventilees\/contemporain\/","og_site_name":"Imola Tecnica","article_modified_time":"2025-10-07T15:29:53+00:00","og_image":[{"width":800,"height":800,"url":"https:\/\/imolatecnica.it\/wp-content\/uploads\/2018\/02\/1_ICON-ALMOND@1x.jpg","type":"image\/jpeg"}],"twitter_card":"summary_large_image","twitter_misc":{"Dur\u00e9e de lecture estim\u00e9e":"1 minute"},"schema":{"@context":"https:\/\/schema.org","@graph":[{"@type":"WebPage","@id":"https:\/\/imolatecnica.it\/fr\/facades-ventilees\/finitions-de-facades-ventilees\/contemporain\/","url":"https:\/\/imolatecnica.it\/fr\/facades-ventilees\/finitions-de-facades-ventilees\/contemporain\/","name":"Contemporain - Imola Tecnica","isPartOf":{"@id":"https:\/\/imolatecnica.it\/fr\/#website"},"primaryImageOfPage":{"@id":"https:\/\/imolatecnica.it\/fr\/facades-ventilees\/finitions-de-facades-ventilees\/contemporain\/#primaryimage"},"image":{"@id":"https:\/\/imolatecnica.it\/fr\/facades-ventilees\/finitions-de-facades-ventilees\/contemporain\/#primaryimage"},"thumbnailUrl":"https:\/\/imolatecnica.it\/wp-content\/uploads\/2018\/02\/1_ICON-ALMOND@1x.jpg","datePublished":"2024-01-03T10:57:38+00:00","dateModified":"2025-10-07T15:29:53+00:00","description":"Polyvalent, avec des formats modulaires et des gammes de couleurs qui peuvent \u00eatre m\u00e9lang\u00e9es pour cr\u00e9er des effets esth\u00e9tiques surprenants.","breadcrumb":{"@id":"https:\/\/imolatecnica.it\/fr\/facades-ventilees\/finitions-de-facades-ventilees\/contemporain\/#breadcrumb"},"inLanguage":"fr-FR","potentialAction":[{"@type":"ReadAction","target":["https:\/\/imolatecnica.it\/fr\/facades-ventilees\/finitions-de-facades-ventilees\/contemporain\/"]}]},{"@type":"ImageObject","inLanguage":"fr-FR","@id":"https:\/\/imolatecnica.it\/fr\/facades-ventilees\/finitions-de-facades-ventilees\/contemporain\/#primaryimage","url":"https:\/\/imolatecnica.it\/wp-content\/uploads\/2018\/02\/1_ICON-ALMOND@1x.jpg","contentUrl":"https:\/\/imolatecnica.it\/wp-content\/uploads\/2018\/02\/1_ICON-ALMOND@1x.jpg","width":800,"height":800},{"@type":"BreadcrumbList","@id":"https:\/\/imolatecnica.it\/fr\/facades-ventilees\/finitions-de-facades-ventilees\/contemporain\/#breadcrumb","itemListElement":[{"@type":"ListItem","position":1,"name":"Home","item":"https:\/\/imolatecnica.it\/fr\/imola-tecnica\/"},{"@type":"ListItem","position":2,"name":"Fa\u00e7ades ventil\u00e9es","item":"https:\/\/imolatecnica.it\/fr\/facades-ventilees\/"},{"@type":"ListItem","position":3,"name":"Finitions de fa\u00e7ades ventil\u00e9es","item":"https:\/\/imolatecnica.it\/fr\/facades-ventilees\/finitions-de-facades-ventilees\/"},{"@type":"ListItem","position":4,"name":"Contemporain"}]},{"@type":"WebSite","@id":"https:\/\/imolatecnica.it\/fr\/#website","url":"https:\/\/imolatecnica.it\/fr\/","name":"Imola Tecnica","description":"Progettiamo e realizziamo facciate ventilate e pavimenti sopraelevati.","publisher":{"@id":"https:\/\/imolatecnica.it\/fr\/#organization"},"potentialAction":[{"@type":"SearchAction","target":{"@type":"EntryPoint","urlTemplate":"https:\/\/imolatecnica.it\/fr\/?s={search_term_string}"},"query-input":{"@type":"PropertyValueSpecification","valueRequired":true,"valueName":"search_term_string"}}],"inLanguage":"fr-FR"},{"@type":"Organization","@id":"https:\/\/imolatecnica.it\/fr\/#organization","name":"Imola Tecnica","url":"https:\/\/imolatecnica.it\/fr\/","logo":{"@type":"ImageObject","inLanguage":"fr-FR","@id":"https:\/\/imolatecnica.it\/fr\/#\/schema\/logo\/image\/","url":"https:\/\/imolatecnica.it\/wp-content\/uploads\/2018\/06\/logotype@2x.jpg","contentUrl":"https:\/\/imolatecnica.it\/wp-content\/uploads\/2018\/06\/logotype@2x.jpg","width":1684,"height":1192,"caption":"Imola Tecnica"},"image":{"@id":"https:\/\/imolatecnica.it\/fr\/#\/schema\/logo\/image\/"},"sameAs":["https:\/\/www.linkedin.com\/company\/imola-tecnica-srl\/"]}]}},"_links":{"self":[{"href":"https:\/\/imolatecnica.it\/fr\/wp-json\/wp\/v2\/pages\/31273","targetHints":{"allow":["GET"]}}],"collection":[{"href":"https:\/\/imolatecnica.it\/fr\/wp-json\/wp\/v2\/pages"}],"about":[{"href":"https:\/\/imolatecnica.it\/fr\/wp-json\/wp\/v2\/types\/page"}],"author":[{"embeddable":true,"href":"https:\/\/imolatecnica.it\/fr\/wp-json\/wp\/v2\/users\/4"}],"replies":[{"embeddable":true,"href":"https:\/\/imolatecnica.it\/fr\/wp-json\/wp\/v2\/comments?post=31273"}],"version-history":[{"count":2,"href":"https:\/\/imolatecnica.it\/fr\/wp-json\/wp\/v2\/pages\/31273\/revisions"}],"predecessor-version":[{"id":69172,"href":"https:\/\/imolatecnica.it\/fr\/wp-json\/wp\/v2\/pages\/31273\/revisions\/69172"}],"up":[{"embeddable":true,"href":"https:\/\/imolatecnica.it\/fr\/wp-json\/wp\/v2\/pages\/31516"}],"wp:featuredmedia":[{"embeddable":true,"href":"https:\/\/imolatecnica.it\/fr\/wp-json\/wp\/v2\/media\/3070"}],"wp:attachment":[{"href":"https:\/\/imolatecnica.it\/fr\/wp-json\/wp\/v2\/media?parent=31273"}],"curies":[{"name":"wp","href":"https:\/\/api.w.org\/{rel}","templated":true}]}}