{"id":31195,"date":"2024-01-03T10:17:49","date_gmt":"2024-01-03T09:17:49","guid":{"rendered":"https:\/\/imolatecnica.it\/?page_id=31195"},"modified":"2025-10-07T17:07:20","modified_gmt":"2025-10-07T15:07:20","slug":"marbre","status":"publish","type":"page","link":"https:\/\/imolatecnica.it\/fr\/facades-ventilees\/finitions-de-facades-ventilees\/marbre\/","title":{"rendered":"Marbre"},"content":{"rendered":"","protected":false},"excerpt":{"rendered":"","protected":false},"author":4,"featured_media":3170,"parent":31516,"menu_order":151,"comment_status":"closed","ping_status":"closed","template":"template-pages\/abstract-template-fv.php","meta":{"_acf_changed":false},"class_list":["post-31195","page","type-page","status-publish","has-post-thumbnail","hentry"],"acf":[],"yoast_head":"<!-- This site is optimized with the Yoast SEO plugin v27.2 - https:\/\/yoast.com\/product\/yoast-seo-wordpress\/ -->\n<title>Marbre - Imola Tecnica<\/title>\n<meta name=\"description\" content=\"Un nom qui s&#039;inspire de la langue latine pour mieux souligner la gen\u00e8se cr\u00e9ative de la collection. Genus, comme germe, comme origine, comme nouvelle \u00e9volution.\" \/>\n<meta name=\"robots\" content=\"index, follow, max-snippet:-1, max-image-preview:large, max-video-preview:-1\" \/>\n<link rel=\"canonical\" href=\"https:\/\/imolatecnica.it\/fr\/facades-ventilees\/finitions-de-facades-ventilees\/marbre\/\" \/>\n<meta property=\"og:locale\" content=\"fr_FR\" \/>\n<meta property=\"og:type\" content=\"article\" \/>\n<meta property=\"og:title\" content=\"Marbre - Imola Tecnica\" \/>\n<meta property=\"og:description\" content=\"Un nom qui s&#039;inspire de la langue latine pour mieux souligner la gen\u00e8se cr\u00e9ative de la collection. Genus, comme germe, comme origine, comme nouvelle \u00e9volution.\" \/>\n<meta property=\"og:url\" content=\"https:\/\/imolatecnica.it\/fr\/facades-ventilees\/finitions-de-facades-ventilees\/marbre\/\" \/>\n<meta property=\"og:site_name\" content=\"Imola Tecnica\" \/>\n<meta property=\"article:modified_time\" content=\"2025-10-07T15:07:20+00:00\" \/>\n<meta property=\"og:image\" content=\"https:\/\/imolatecnica.it\/wp-content\/uploads\/2018\/02\/1_GENUS-B@1x.jpg\" \/>\n\t<meta property=\"og:image:width\" content=\"800\" \/>\n\t<meta property=\"og:image:height\" content=\"800\" \/>\n\t<meta property=\"og:image:type\" content=\"image\/jpeg\" \/>\n<meta name=\"twitter:card\" content=\"summary_large_image\" \/>\n<meta name=\"twitter:label1\" content=\"Dur\u00e9e de lecture estim\u00e9e\" \/>\n\t<meta name=\"twitter:data1\" content=\"1 minute\" \/>\n<script type=\"application\/ld+json\" class=\"yoast-schema-graph\">{\"@context\":\"https:\/\/schema.org\",\"@graph\":[{\"@type\":\"WebPage\",\"@id\":\"https:\/\/imolatecnica.it\/fr\/facades-ventilees\/finitions-de-facades-ventilees\/marbre\/\",\"url\":\"https:\/\/imolatecnica.it\/fr\/facades-ventilees\/finitions-de-facades-ventilees\/marbre\/\",\"name\":\"Marbre - Imola Tecnica\",\"isPartOf\":{\"@id\":\"https:\/\/imolatecnica.it\/fr\/#website\"},\"primaryImageOfPage\":{\"@id\":\"https:\/\/imolatecnica.it\/fr\/facades-ventilees\/finitions-de-facades-ventilees\/marbre\/#primaryimage\"},\"image\":{\"@id\":\"https:\/\/imolatecnica.it\/fr\/facades-ventilees\/finitions-de-facades-ventilees\/marbre\/#primaryimage\"},\"thumbnailUrl\":\"https:\/\/imolatecnica.it\/wp-content\/uploads\/2018\/02\/1_GENUS-B@1x.jpg\",\"datePublished\":\"2024-01-03T09:17:49+00:00\",\"dateModified\":\"2025-10-07T15:07:20+00:00\",\"description\":\"Un nom qui s'inspire de la langue latine pour mieux souligner la gen\u00e8se cr\u00e9ative de la collection. Genus, comme germe, comme origine, comme nouvelle \u00e9volution.\",\"breadcrumb\":{\"@id\":\"https:\/\/imolatecnica.it\/fr\/facades-ventilees\/finitions-de-facades-ventilees\/marbre\/#breadcrumb\"},\"inLanguage\":\"fr-FR\",\"potentialAction\":[{\"@type\":\"ReadAction\",\"target\":[\"https:\/\/imolatecnica.it\/fr\/facades-ventilees\/finitions-de-facades-ventilees\/marbre\/\"]}]},{\"@type\":\"ImageObject\",\"inLanguage\":\"fr-FR\",\"@id\":\"https:\/\/imolatecnica.it\/fr\/facades-ventilees\/finitions-de-facades-ventilees\/marbre\/#primaryimage\",\"url\":\"https:\/\/imolatecnica.it\/wp-content\/uploads\/2018\/02\/1_GENUS-B@1x.jpg\",\"contentUrl\":\"https:\/\/imolatecnica.it\/wp-content\/uploads\/2018\/02\/1_GENUS-B@1x.jpg\",\"width\":800,\"height\":800},{\"@type\":\"BreadcrumbList\",\"@id\":\"https:\/\/imolatecnica.it\/fr\/facades-ventilees\/finitions-de-facades-ventilees\/marbre\/#breadcrumb\",\"itemListElement\":[{\"@type\":\"ListItem\",\"position\":1,\"name\":\"Home\",\"item\":\"https:\/\/imolatecnica.it\/fr\/imola-tecnica\/\"},{\"@type\":\"ListItem\",\"position\":2,\"name\":\"Fa\u00e7ades ventil\u00e9es\",\"item\":\"https:\/\/imolatecnica.it\/fr\/facades-ventilees\/\"},{\"@type\":\"ListItem\",\"position\":3,\"name\":\"Finitions de fa\u00e7ades ventil\u00e9es\",\"item\":\"https:\/\/imolatecnica.it\/fr\/facades-ventilees\/finitions-de-facades-ventilees\/\"},{\"@type\":\"ListItem\",\"position\":4,\"name\":\"Marbre\"}]},{\"@type\":\"WebSite\",\"@id\":\"https:\/\/imolatecnica.it\/fr\/#website\",\"url\":\"https:\/\/imolatecnica.it\/fr\/\",\"name\":\"Imola Tecnica\",\"description\":\"Progettiamo e realizziamo facciate ventilate e pavimenti sopraelevati.\",\"publisher\":{\"@id\":\"https:\/\/imolatecnica.it\/fr\/#organization\"},\"potentialAction\":[{\"@type\":\"SearchAction\",\"target\":{\"@type\":\"EntryPoint\",\"urlTemplate\":\"https:\/\/imolatecnica.it\/fr\/?s={search_term_string}\"},\"query-input\":{\"@type\":\"PropertyValueSpecification\",\"valueRequired\":true,\"valueName\":\"search_term_string\"}}],\"inLanguage\":\"fr-FR\"},{\"@type\":\"Organization\",\"@id\":\"https:\/\/imolatecnica.it\/fr\/#organization\",\"name\":\"Imola Tecnica\",\"url\":\"https:\/\/imolatecnica.it\/fr\/\",\"logo\":{\"@type\":\"ImageObject\",\"inLanguage\":\"fr-FR\",\"@id\":\"https:\/\/imolatecnica.it\/fr\/#\/schema\/logo\/image\/\",\"url\":\"https:\/\/imolatecnica.it\/wp-content\/uploads\/2018\/06\/logotype@2x.jpg\",\"contentUrl\":\"https:\/\/imolatecnica.it\/wp-content\/uploads\/2018\/06\/logotype@2x.jpg\",\"width\":1684,\"height\":1192,\"caption\":\"Imola Tecnica\"},\"image\":{\"@id\":\"https:\/\/imolatecnica.it\/fr\/#\/schema\/logo\/image\/\"},\"sameAs\":[\"https:\/\/www.linkedin.com\/company\/imola-tecnica-srl\/\"]}]}<\/script>\n<!-- \/ Yoast SEO plugin. -->","yoast_head_json":{"title":"Marbre - Imola Tecnica","description":"Un nom qui s'inspire de la langue latine pour mieux souligner la gen\u00e8se cr\u00e9ative de la collection. Genus, comme germe, comme origine, comme nouvelle \u00e9volution.","robots":{"index":"index","follow":"follow","max-snippet":"max-snippet:-1","max-image-preview":"max-image-preview:large","max-video-preview":"max-video-preview:-1"},"canonical":"https:\/\/imolatecnica.it\/fr\/facades-ventilees\/finitions-de-facades-ventilees\/marbre\/","og_locale":"fr_FR","og_type":"article","og_title":"Marbre - Imola Tecnica","og_description":"Un nom qui s'inspire de la langue latine pour mieux souligner la gen\u00e8se cr\u00e9ative de la collection. Genus, comme germe, comme origine, comme nouvelle \u00e9volution.","og_url":"https:\/\/imolatecnica.it\/fr\/facades-ventilees\/finitions-de-facades-ventilees\/marbre\/","og_site_name":"Imola Tecnica","article_modified_time":"2025-10-07T15:07:20+00:00","og_image":[{"width":800,"height":800,"url":"https:\/\/imolatecnica.it\/wp-content\/uploads\/2018\/02\/1_GENUS-B@1x.jpg","type":"image\/jpeg"}],"twitter_card":"summary_large_image","twitter_misc":{"Dur\u00e9e de lecture estim\u00e9e":"1 minute"},"schema":{"@context":"https:\/\/schema.org","@graph":[{"@type":"WebPage","@id":"https:\/\/imolatecnica.it\/fr\/facades-ventilees\/finitions-de-facades-ventilees\/marbre\/","url":"https:\/\/imolatecnica.it\/fr\/facades-ventilees\/finitions-de-facades-ventilees\/marbre\/","name":"Marbre - Imola Tecnica","isPartOf":{"@id":"https:\/\/imolatecnica.it\/fr\/#website"},"primaryImageOfPage":{"@id":"https:\/\/imolatecnica.it\/fr\/facades-ventilees\/finitions-de-facades-ventilees\/marbre\/#primaryimage"},"image":{"@id":"https:\/\/imolatecnica.it\/fr\/facades-ventilees\/finitions-de-facades-ventilees\/marbre\/#primaryimage"},"thumbnailUrl":"https:\/\/imolatecnica.it\/wp-content\/uploads\/2018\/02\/1_GENUS-B@1x.jpg","datePublished":"2024-01-03T09:17:49+00:00","dateModified":"2025-10-07T15:07:20+00:00","description":"Un nom qui s'inspire de la langue latine pour mieux souligner la gen\u00e8se cr\u00e9ative de la collection. Genus, comme germe, comme origine, comme nouvelle \u00e9volution.","breadcrumb":{"@id":"https:\/\/imolatecnica.it\/fr\/facades-ventilees\/finitions-de-facades-ventilees\/marbre\/#breadcrumb"},"inLanguage":"fr-FR","potentialAction":[{"@type":"ReadAction","target":["https:\/\/imolatecnica.it\/fr\/facades-ventilees\/finitions-de-facades-ventilees\/marbre\/"]}]},{"@type":"ImageObject","inLanguage":"fr-FR","@id":"https:\/\/imolatecnica.it\/fr\/facades-ventilees\/finitions-de-facades-ventilees\/marbre\/#primaryimage","url":"https:\/\/imolatecnica.it\/wp-content\/uploads\/2018\/02\/1_GENUS-B@1x.jpg","contentUrl":"https:\/\/imolatecnica.it\/wp-content\/uploads\/2018\/02\/1_GENUS-B@1x.jpg","width":800,"height":800},{"@type":"BreadcrumbList","@id":"https:\/\/imolatecnica.it\/fr\/facades-ventilees\/finitions-de-facades-ventilees\/marbre\/#breadcrumb","itemListElement":[{"@type":"ListItem","position":1,"name":"Home","item":"https:\/\/imolatecnica.it\/fr\/imola-tecnica\/"},{"@type":"ListItem","position":2,"name":"Fa\u00e7ades ventil\u00e9es","item":"https:\/\/imolatecnica.it\/fr\/facades-ventilees\/"},{"@type":"ListItem","position":3,"name":"Finitions de fa\u00e7ades ventil\u00e9es","item":"https:\/\/imolatecnica.it\/fr\/facades-ventilees\/finitions-de-facades-ventilees\/"},{"@type":"ListItem","position":4,"name":"Marbre"}]},{"@type":"WebSite","@id":"https:\/\/imolatecnica.it\/fr\/#website","url":"https:\/\/imolatecnica.it\/fr\/","name":"Imola Tecnica","description":"Progettiamo e realizziamo facciate ventilate e pavimenti sopraelevati.","publisher":{"@id":"https:\/\/imolatecnica.it\/fr\/#organization"},"potentialAction":[{"@type":"SearchAction","target":{"@type":"EntryPoint","urlTemplate":"https:\/\/imolatecnica.it\/fr\/?s={search_term_string}"},"query-input":{"@type":"PropertyValueSpecification","valueRequired":true,"valueName":"search_term_string"}}],"inLanguage":"fr-FR"},{"@type":"Organization","@id":"https:\/\/imolatecnica.it\/fr\/#organization","name":"Imola Tecnica","url":"https:\/\/imolatecnica.it\/fr\/","logo":{"@type":"ImageObject","inLanguage":"fr-FR","@id":"https:\/\/imolatecnica.it\/fr\/#\/schema\/logo\/image\/","url":"https:\/\/imolatecnica.it\/wp-content\/uploads\/2018\/06\/logotype@2x.jpg","contentUrl":"https:\/\/imolatecnica.it\/wp-content\/uploads\/2018\/06\/logotype@2x.jpg","width":1684,"height":1192,"caption":"Imola Tecnica"},"image":{"@id":"https:\/\/imolatecnica.it\/fr\/#\/schema\/logo\/image\/"},"sameAs":["https:\/\/www.linkedin.com\/company\/imola-tecnica-srl\/"]}]}},"_links":{"self":[{"href":"https:\/\/imolatecnica.it\/fr\/wp-json\/wp\/v2\/pages\/31195","targetHints":{"allow":["GET"]}}],"collection":[{"href":"https:\/\/imolatecnica.it\/fr\/wp-json\/wp\/v2\/pages"}],"about":[{"href":"https:\/\/imolatecnica.it\/fr\/wp-json\/wp\/v2\/types\/page"}],"author":[{"embeddable":true,"href":"https:\/\/imolatecnica.it\/fr\/wp-json\/wp\/v2\/users\/4"}],"replies":[{"embeddable":true,"href":"https:\/\/imolatecnica.it\/fr\/wp-json\/wp\/v2\/comments?post=31195"}],"version-history":[{"count":2,"href":"https:\/\/imolatecnica.it\/fr\/wp-json\/wp\/v2\/pages\/31195\/revisions"}],"predecessor-version":[{"id":70233,"href":"https:\/\/imolatecnica.it\/fr\/wp-json\/wp\/v2\/pages\/31195\/revisions\/70233"}],"up":[{"embeddable":true,"href":"https:\/\/imolatecnica.it\/fr\/wp-json\/wp\/v2\/pages\/31516"}],"wp:featuredmedia":[{"embeddable":true,"href":"https:\/\/imolatecnica.it\/fr\/wp-json\/wp\/v2\/media\/3170"}],"wp:attachment":[{"href":"https:\/\/imolatecnica.it\/fr\/wp-json\/wp\/v2\/media?parent=31195"}],"curies":[{"name":"wp","href":"https:\/\/api.w.org\/{rel}","templated":true}]}}