{"id":30364,"date":"2023-12-05T17:09:45","date_gmt":"2023-12-05T16:09:45","guid":{"rendered":"https:\/\/imolatecnica.it\/bois\/"},"modified":"2024-02-23T11:32:52","modified_gmt":"2024-02-23T10:32:52","slug":"bois","status":"publish","type":"page","link":"https:\/\/imolatecnica.it\/fr\/planchers-sureleves\/pour-lexterieur\/finitions\/bois\/","title":{"rendered":"Bois"},"content":{"rendered":"","protected":false},"excerpt":{"rendered":"","protected":false},"author":4,"featured_media":20891,"parent":30681,"menu_order":67,"comment_status":"closed","ping_status":"closed","template":"template-pages\/abstract-template-ps.php","meta":{"_acf_changed":false},"class_list":["post-30364","page","type-page","status-publish","has-post-thumbnail","hentry"],"acf":[],"yoast_head":"<!-- This site is optimized with the Yoast SEO plugin v27.4 - https:\/\/yoast.com\/product\/yoast-seo-wordpress\/ -->\n<title>Bois - Imola Tecnica<\/title>\n<meta name=\"description\" content=\"Le projet .3wood est n\u00e9 de l&#039;observation attentive des essences de bois, dans le but de les reproduire fid\u00e8lement.\" \/>\n<meta name=\"robots\" content=\"index, follow, max-snippet:-1, max-image-preview:large, max-video-preview:-1\" \/>\n<link rel=\"canonical\" href=\"https:\/\/imolatecnica.it\/fr\/planchers-sureleves\/pour-lexterieur\/finitions\/bois\/\" \/>\n<meta property=\"og:locale\" content=\"fr_FR\" \/>\n<meta property=\"og:type\" content=\"article\" \/>\n<meta property=\"og:title\" content=\"Bois - Imola Tecnica\" \/>\n<meta property=\"og:description\" content=\"Le projet .3wood est n\u00e9 de l&#039;observation attentive des essences de bois, dans le but de les reproduire fid\u00e8lement.\" \/>\n<meta property=\"og:url\" content=\"https:\/\/imolatecnica.it\/fr\/planchers-sureleves\/pour-lexterieur\/finitions\/bois\/\" \/>\n<meta property=\"og:site_name\" content=\"Imola Tecnica\" \/>\n<meta property=\"article:modified_time\" content=\"2024-02-23T10:32:52+00:00\" \/>\n<meta property=\"og:image\" content=\"https:\/\/imolatecnica.it\/wp-content\/uploads\/2023\/01\/almond.jpg\" \/>\n\t<meta property=\"og:image:width\" content=\"334\" \/>\n\t<meta property=\"og:image:height\" content=\"334\" \/>\n\t<meta property=\"og:image:type\" content=\"image\/jpeg\" \/>\n<meta name=\"twitter:card\" content=\"summary_large_image\" \/>\n<script type=\"application\/ld+json\" class=\"yoast-schema-graph\">{\"@context\":\"https:\\\/\\\/schema.org\",\"@graph\":[{\"@type\":\"WebPage\",\"@id\":\"https:\\\/\\\/imolatecnica.it\\\/fr\\\/planchers-sureleves\\\/pour-lexterieur\\\/finitions\\\/bois\\\/\",\"url\":\"https:\\\/\\\/imolatecnica.it\\\/fr\\\/planchers-sureleves\\\/pour-lexterieur\\\/finitions\\\/bois\\\/\",\"name\":\"Bois - Imola Tecnica\",\"isPartOf\":{\"@id\":\"https:\\\/\\\/imolatecnica.it\\\/fr\\\/#website\"},\"primaryImageOfPage\":{\"@id\":\"https:\\\/\\\/imolatecnica.it\\\/fr\\\/planchers-sureleves\\\/pour-lexterieur\\\/finitions\\\/bois\\\/#primaryimage\"},\"image\":{\"@id\":\"https:\\\/\\\/imolatecnica.it\\\/fr\\\/planchers-sureleves\\\/pour-lexterieur\\\/finitions\\\/bois\\\/#primaryimage\"},\"thumbnailUrl\":\"https:\\\/\\\/imolatecnica.it\\\/wp-content\\\/uploads\\\/2023\\\/01\\\/almond.jpg\",\"datePublished\":\"2023-12-05T16:09:45+00:00\",\"dateModified\":\"2024-02-23T10:32:52+00:00\",\"description\":\"Le projet .3wood est n\u00e9 de l'observation attentive des essences de bois, dans le but de les reproduire fid\u00e8lement.\",\"breadcrumb\":{\"@id\":\"https:\\\/\\\/imolatecnica.it\\\/fr\\\/planchers-sureleves\\\/pour-lexterieur\\\/finitions\\\/bois\\\/#breadcrumb\"},\"inLanguage\":\"fr-FR\",\"potentialAction\":[{\"@type\":\"ReadAction\",\"target\":[\"https:\\\/\\\/imolatecnica.it\\\/fr\\\/planchers-sureleves\\\/pour-lexterieur\\\/finitions\\\/bois\\\/\"]}]},{\"@type\":\"ImageObject\",\"inLanguage\":\"fr-FR\",\"@id\":\"https:\\\/\\\/imolatecnica.it\\\/fr\\\/planchers-sureleves\\\/pour-lexterieur\\\/finitions\\\/bois\\\/#primaryimage\",\"url\":\"https:\\\/\\\/imolatecnica.it\\\/wp-content\\\/uploads\\\/2023\\\/01\\\/almond.jpg\",\"contentUrl\":\"https:\\\/\\\/imolatecnica.it\\\/wp-content\\\/uploads\\\/2023\\\/01\\\/almond.jpg\",\"width\":334,\"height\":334},{\"@type\":\"BreadcrumbList\",\"@id\":\"https:\\\/\\\/imolatecnica.it\\\/fr\\\/planchers-sureleves\\\/pour-lexterieur\\\/finitions\\\/bois\\\/#breadcrumb\",\"itemListElement\":[{\"@type\":\"ListItem\",\"position\":1,\"name\":\"Home\",\"item\":\"https:\\\/\\\/imolatecnica.it\\\/fr\\\/imola-tecnica\\\/\"},{\"@type\":\"ListItem\",\"position\":2,\"name\":\"Planchers sur\u00e9lev\u00e9s\",\"item\":\"https:\\\/\\\/imolatecnica.it\\\/fr\\\/planchers-sureleves\\\/\"},{\"@type\":\"ListItem\",\"position\":3,\"name\":\"Planchers sur\u00e9lev\u00e9s pour l&rsquo;ext\u00e9rieur\",\"item\":\"https:\\\/\\\/imolatecnica.it\\\/fr\\\/planchers-sureleves\\\/pour-lexterieur\\\/\"},{\"@type\":\"ListItem\",\"position\":4,\"name\":\"Finitions pour planchers sur\u00e9lev\u00e9s d&#8217;int\u00e9rieur\",\"item\":\"https:\\\/\\\/imolatecnica.it\\\/fr\\\/planchers-sureleves\\\/pour-lexterieur\\\/finitions\\\/\"},{\"@type\":\"ListItem\",\"position\":5,\"name\":\"Bois\"}]},{\"@type\":\"WebSite\",\"@id\":\"https:\\\/\\\/imolatecnica.it\\\/fr\\\/#website\",\"url\":\"https:\\\/\\\/imolatecnica.it\\\/fr\\\/\",\"name\":\"Imola Tecnica\",\"description\":\"Progettiamo e realizziamo facciate ventilate e pavimenti sopraelevati.\",\"publisher\":{\"@id\":\"https:\\\/\\\/imolatecnica.it\\\/fr\\\/#organization\"},\"potentialAction\":[{\"@type\":\"SearchAction\",\"target\":{\"@type\":\"EntryPoint\",\"urlTemplate\":\"https:\\\/\\\/imolatecnica.it\\\/fr\\\/?s={search_term_string}\"},\"query-input\":{\"@type\":\"PropertyValueSpecification\",\"valueRequired\":true,\"valueName\":\"search_term_string\"}}],\"inLanguage\":\"fr-FR\"},{\"@type\":\"Organization\",\"@id\":\"https:\\\/\\\/imolatecnica.it\\\/fr\\\/#organization\",\"name\":\"Imola Tecnica\",\"url\":\"https:\\\/\\\/imolatecnica.it\\\/fr\\\/\",\"logo\":{\"@type\":\"ImageObject\",\"inLanguage\":\"fr-FR\",\"@id\":\"https:\\\/\\\/imolatecnica.it\\\/fr\\\/#\\\/schema\\\/logo\\\/image\\\/\",\"url\":\"https:\\\/\\\/imolatecnica.it\\\/wp-content\\\/uploads\\\/2018\\\/06\\\/logotype@2x.jpg\",\"contentUrl\":\"https:\\\/\\\/imolatecnica.it\\\/wp-content\\\/uploads\\\/2018\\\/06\\\/logotype@2x.jpg\",\"width\":1684,\"height\":1192,\"caption\":\"Imola Tecnica\"},\"image\":{\"@id\":\"https:\\\/\\\/imolatecnica.it\\\/fr\\\/#\\\/schema\\\/logo\\\/image\\\/\"},\"sameAs\":[\"https:\\\/\\\/www.linkedin.com\\\/company\\\/imola-tecnica-srl\\\/\"]}]}<\/script>\n<!-- \/ Yoast SEO plugin. -->","yoast_head_json":{"title":"Bois - Imola Tecnica","description":"Le projet .3wood est n\u00e9 de l'observation attentive des essences de bois, dans le but de les reproduire fid\u00e8lement.","robots":{"index":"index","follow":"follow","max-snippet":"max-snippet:-1","max-image-preview":"max-image-preview:large","max-video-preview":"max-video-preview:-1"},"canonical":"https:\/\/imolatecnica.it\/fr\/planchers-sureleves\/pour-lexterieur\/finitions\/bois\/","og_locale":"fr_FR","og_type":"article","og_title":"Bois - Imola Tecnica","og_description":"Le projet .3wood est n\u00e9 de l'observation attentive des essences de bois, dans le but de les reproduire fid\u00e8lement.","og_url":"https:\/\/imolatecnica.it\/fr\/planchers-sureleves\/pour-lexterieur\/finitions\/bois\/","og_site_name":"Imola Tecnica","article_modified_time":"2024-02-23T10:32:52+00:00","og_image":[{"width":334,"height":334,"url":"https:\/\/imolatecnica.it\/wp-content\/uploads\/2023\/01\/almond.jpg","type":"image\/jpeg"}],"twitter_card":"summary_large_image","schema":{"@context":"https:\/\/schema.org","@graph":[{"@type":"WebPage","@id":"https:\/\/imolatecnica.it\/fr\/planchers-sureleves\/pour-lexterieur\/finitions\/bois\/","url":"https:\/\/imolatecnica.it\/fr\/planchers-sureleves\/pour-lexterieur\/finitions\/bois\/","name":"Bois - Imola Tecnica","isPartOf":{"@id":"https:\/\/imolatecnica.it\/fr\/#website"},"primaryImageOfPage":{"@id":"https:\/\/imolatecnica.it\/fr\/planchers-sureleves\/pour-lexterieur\/finitions\/bois\/#primaryimage"},"image":{"@id":"https:\/\/imolatecnica.it\/fr\/planchers-sureleves\/pour-lexterieur\/finitions\/bois\/#primaryimage"},"thumbnailUrl":"https:\/\/imolatecnica.it\/wp-content\/uploads\/2023\/01\/almond.jpg","datePublished":"2023-12-05T16:09:45+00:00","dateModified":"2024-02-23T10:32:52+00:00","description":"Le projet .3wood est n\u00e9 de l'observation attentive des essences de bois, dans le but de les reproduire fid\u00e8lement.","breadcrumb":{"@id":"https:\/\/imolatecnica.it\/fr\/planchers-sureleves\/pour-lexterieur\/finitions\/bois\/#breadcrumb"},"inLanguage":"fr-FR","potentialAction":[{"@type":"ReadAction","target":["https:\/\/imolatecnica.it\/fr\/planchers-sureleves\/pour-lexterieur\/finitions\/bois\/"]}]},{"@type":"ImageObject","inLanguage":"fr-FR","@id":"https:\/\/imolatecnica.it\/fr\/planchers-sureleves\/pour-lexterieur\/finitions\/bois\/#primaryimage","url":"https:\/\/imolatecnica.it\/wp-content\/uploads\/2023\/01\/almond.jpg","contentUrl":"https:\/\/imolatecnica.it\/wp-content\/uploads\/2023\/01\/almond.jpg","width":334,"height":334},{"@type":"BreadcrumbList","@id":"https:\/\/imolatecnica.it\/fr\/planchers-sureleves\/pour-lexterieur\/finitions\/bois\/#breadcrumb","itemListElement":[{"@type":"ListItem","position":1,"name":"Home","item":"https:\/\/imolatecnica.it\/fr\/imola-tecnica\/"},{"@type":"ListItem","position":2,"name":"Planchers sur\u00e9lev\u00e9s","item":"https:\/\/imolatecnica.it\/fr\/planchers-sureleves\/"},{"@type":"ListItem","position":3,"name":"Planchers sur\u00e9lev\u00e9s pour l&rsquo;ext\u00e9rieur","item":"https:\/\/imolatecnica.it\/fr\/planchers-sureleves\/pour-lexterieur\/"},{"@type":"ListItem","position":4,"name":"Finitions pour planchers sur\u00e9lev\u00e9s d&#8217;int\u00e9rieur","item":"https:\/\/imolatecnica.it\/fr\/planchers-sureleves\/pour-lexterieur\/finitions\/"},{"@type":"ListItem","position":5,"name":"Bois"}]},{"@type":"WebSite","@id":"https:\/\/imolatecnica.it\/fr\/#website","url":"https:\/\/imolatecnica.it\/fr\/","name":"Imola Tecnica","description":"Progettiamo e realizziamo facciate ventilate e pavimenti sopraelevati.","publisher":{"@id":"https:\/\/imolatecnica.it\/fr\/#organization"},"potentialAction":[{"@type":"SearchAction","target":{"@type":"EntryPoint","urlTemplate":"https:\/\/imolatecnica.it\/fr\/?s={search_term_string}"},"query-input":{"@type":"PropertyValueSpecification","valueRequired":true,"valueName":"search_term_string"}}],"inLanguage":"fr-FR"},{"@type":"Organization","@id":"https:\/\/imolatecnica.it\/fr\/#organization","name":"Imola Tecnica","url":"https:\/\/imolatecnica.it\/fr\/","logo":{"@type":"ImageObject","inLanguage":"fr-FR","@id":"https:\/\/imolatecnica.it\/fr\/#\/schema\/logo\/image\/","url":"https:\/\/imolatecnica.it\/wp-content\/uploads\/2018\/06\/logotype@2x.jpg","contentUrl":"https:\/\/imolatecnica.it\/wp-content\/uploads\/2018\/06\/logotype@2x.jpg","width":1684,"height":1192,"caption":"Imola Tecnica"},"image":{"@id":"https:\/\/imolatecnica.it\/fr\/#\/schema\/logo\/image\/"},"sameAs":["https:\/\/www.linkedin.com\/company\/imola-tecnica-srl\/"]}]}},"_links":{"self":[{"href":"https:\/\/imolatecnica.it\/fr\/wp-json\/wp\/v2\/pages\/30364","targetHints":{"allow":["GET"]}}],"collection":[{"href":"https:\/\/imolatecnica.it\/fr\/wp-json\/wp\/v2\/pages"}],"about":[{"href":"https:\/\/imolatecnica.it\/fr\/wp-json\/wp\/v2\/types\/page"}],"author":[{"embeddable":true,"href":"https:\/\/imolatecnica.it\/fr\/wp-json\/wp\/v2\/users\/4"}],"replies":[{"embeddable":true,"href":"https:\/\/imolatecnica.it\/fr\/wp-json\/wp\/v2\/comments?post=30364"}],"version-history":[{"count":1,"href":"https:\/\/imolatecnica.it\/fr\/wp-json\/wp\/v2\/pages\/30364\/revisions"}],"predecessor-version":[{"id":30943,"href":"https:\/\/imolatecnica.it\/fr\/wp-json\/wp\/v2\/pages\/30364\/revisions\/30943"}],"up":[{"embeddable":true,"href":"https:\/\/imolatecnica.it\/fr\/wp-json\/wp\/v2\/pages\/30681"}],"wp:featuredmedia":[{"embeddable":true,"href":"https:\/\/imolatecnica.it\/fr\/wp-json\/wp\/v2\/media\/20891"}],"wp:attachment":[{"href":"https:\/\/imolatecnica.it\/fr\/wp-json\/wp\/v2\/media?parent=30364"}],"curies":[{"name":"wp","href":"https:\/\/api.w.org\/{rel}","templated":true}]}}