{"id":30343,"date":"2023-12-05T15:16:43","date_gmt":"2023-12-05T14:16:43","guid":{"rendered":"https:\/\/imolatecnica.it\/pavimenti-sopraelevati-2023\/finitions-pour-planchers-sureleves-dinterieur\/contemporain\/"},"modified":"2025-09-09T15:26:47","modified_gmt":"2025-09-09T13:26:47","slug":"contemporain","status":"publish","type":"page","link":"https:\/\/imolatecnica.it\/fr\/planchers-sureleves\/pour-linterieur\/finitions\/contemporain\/","title":{"rendered":"Contemporain"},"content":{"rendered":"<h3>Syst\u00e8mes d&rsquo;accouplement<\/h3>\n","protected":false},"excerpt":{"rendered":"<p>Syst\u00e8mes d&rsquo;accouplement<\/p>\n","protected":false},"author":4,"featured_media":3070,"parent":30327,"menu_order":136,"comment_status":"closed","ping_status":"closed","template":"template-pages\/abstract-template-ps.php","meta":{"_acf_changed":false},"class_list":["post-30343","page","type-page","status-publish","has-post-thumbnail","hentry"],"acf":[],"yoast_head":"<!-- This site is optimized with the Yoast SEO plugin v27.4 - https:\/\/yoast.com\/product\/yoast-seo-wordpress\/ -->\n<title>Contemporain - Imola Tecnica<\/title>\n<meta name=\"description\" content=\"Polyvalent, avec des formats modulaires et des gammes de couleurs qui peuvent \u00eatre m\u00e9lang\u00e9es pour cr\u00e9er des effets esth\u00e9tiques surprenants.\" \/>\n<meta name=\"robots\" content=\"index, follow, max-snippet:-1, max-image-preview:large, max-video-preview:-1\" \/>\n<link rel=\"canonical\" href=\"https:\/\/imolatecnica.it\/fr\/planchers-sureleves\/pour-linterieur\/finitions\/contemporain\/\" \/>\n<meta property=\"og:locale\" content=\"fr_FR\" \/>\n<meta property=\"og:type\" content=\"article\" \/>\n<meta property=\"og:title\" content=\"Contemporain - Imola Tecnica\" \/>\n<meta property=\"og:description\" content=\"Polyvalent, avec des formats modulaires et des gammes de couleurs qui peuvent \u00eatre m\u00e9lang\u00e9es pour cr\u00e9er des effets esth\u00e9tiques surprenants.\" \/>\n<meta property=\"og:url\" content=\"https:\/\/imolatecnica.it\/fr\/planchers-sureleves\/pour-linterieur\/finitions\/contemporain\/\" \/>\n<meta property=\"og:site_name\" content=\"Imola Tecnica\" \/>\n<meta property=\"article:modified_time\" content=\"2025-09-09T13:26:47+00:00\" \/>\n<meta property=\"og:image\" content=\"https:\/\/imolatecnica.it\/wp-content\/uploads\/2018\/02\/1_ICON-ALMOND@1x.jpg\" \/>\n\t<meta property=\"og:image:width\" content=\"800\" \/>\n\t<meta property=\"og:image:height\" content=\"800\" \/>\n\t<meta property=\"og:image:type\" content=\"image\/jpeg\" \/>\n<meta name=\"twitter:card\" content=\"summary_large_image\" \/>\n<meta name=\"twitter:label1\" content=\"Dur\u00e9e de lecture estim\u00e9e\" \/>\n\t<meta name=\"twitter:data1\" content=\"1 minute\" \/>\n<script type=\"application\/ld+json\" class=\"yoast-schema-graph\">{\"@context\":\"https:\\\/\\\/schema.org\",\"@graph\":[{\"@type\":\"WebPage\",\"@id\":\"https:\\\/\\\/imolatecnica.it\\\/fr\\\/planchers-sureleves\\\/pour-linterieur\\\/finitions\\\/contemporain\\\/\",\"url\":\"https:\\\/\\\/imolatecnica.it\\\/fr\\\/planchers-sureleves\\\/pour-linterieur\\\/finitions\\\/contemporain\\\/\",\"name\":\"Contemporain - Imola Tecnica\",\"isPartOf\":{\"@id\":\"https:\\\/\\\/imolatecnica.it\\\/fr\\\/#website\"},\"primaryImageOfPage\":{\"@id\":\"https:\\\/\\\/imolatecnica.it\\\/fr\\\/planchers-sureleves\\\/pour-linterieur\\\/finitions\\\/contemporain\\\/#primaryimage\"},\"image\":{\"@id\":\"https:\\\/\\\/imolatecnica.it\\\/fr\\\/planchers-sureleves\\\/pour-linterieur\\\/finitions\\\/contemporain\\\/#primaryimage\"},\"thumbnailUrl\":\"https:\\\/\\\/imolatecnica.it\\\/wp-content\\\/uploads\\\/2018\\\/02\\\/1_ICON-ALMOND@1x.jpg\",\"datePublished\":\"2023-12-05T14:16:43+00:00\",\"dateModified\":\"2025-09-09T13:26:47+00:00\",\"description\":\"Polyvalent, avec des formats modulaires et des gammes de couleurs qui peuvent \u00eatre m\u00e9lang\u00e9es pour cr\u00e9er des effets esth\u00e9tiques surprenants.\",\"breadcrumb\":{\"@id\":\"https:\\\/\\\/imolatecnica.it\\\/fr\\\/planchers-sureleves\\\/pour-linterieur\\\/finitions\\\/contemporain\\\/#breadcrumb\"},\"inLanguage\":\"fr-FR\",\"potentialAction\":[{\"@type\":\"ReadAction\",\"target\":[\"https:\\\/\\\/imolatecnica.it\\\/fr\\\/planchers-sureleves\\\/pour-linterieur\\\/finitions\\\/contemporain\\\/\"]}]},{\"@type\":\"ImageObject\",\"inLanguage\":\"fr-FR\",\"@id\":\"https:\\\/\\\/imolatecnica.it\\\/fr\\\/planchers-sureleves\\\/pour-linterieur\\\/finitions\\\/contemporain\\\/#primaryimage\",\"url\":\"https:\\\/\\\/imolatecnica.it\\\/wp-content\\\/uploads\\\/2018\\\/02\\\/1_ICON-ALMOND@1x.jpg\",\"contentUrl\":\"https:\\\/\\\/imolatecnica.it\\\/wp-content\\\/uploads\\\/2018\\\/02\\\/1_ICON-ALMOND@1x.jpg\",\"width\":800,\"height\":800},{\"@type\":\"BreadcrumbList\",\"@id\":\"https:\\\/\\\/imolatecnica.it\\\/fr\\\/planchers-sureleves\\\/pour-linterieur\\\/finitions\\\/contemporain\\\/#breadcrumb\",\"itemListElement\":[{\"@type\":\"ListItem\",\"position\":1,\"name\":\"Home\",\"item\":\"https:\\\/\\\/imolatecnica.it\\\/fr\\\/imola-tecnica\\\/\"},{\"@type\":\"ListItem\",\"position\":2,\"name\":\"Planchers sur\u00e9lev\u00e9s\",\"item\":\"https:\\\/\\\/imolatecnica.it\\\/fr\\\/planchers-sureleves\\\/\"},{\"@type\":\"ListItem\",\"position\":3,\"name\":\"Planchers sur\u00e9lev\u00e9s pour l&rsquo;int\u00e9rieur\",\"item\":\"https:\\\/\\\/imolatecnica.it\\\/fr\\\/planchers-sureleves\\\/pour-linterieur\\\/\"},{\"@type\":\"ListItem\",\"position\":4,\"name\":\"Finitions pour planchers sur\u00e9lev\u00e9s d&#8217;int\u00e9rieur\",\"item\":\"https:\\\/\\\/imolatecnica.it\\\/fr\\\/planchers-sureleves\\\/pour-linterieur\\\/finitions\\\/\"},{\"@type\":\"ListItem\",\"position\":5,\"name\":\"Contemporain\"}]},{\"@type\":\"WebSite\",\"@id\":\"https:\\\/\\\/imolatecnica.it\\\/fr\\\/#website\",\"url\":\"https:\\\/\\\/imolatecnica.it\\\/fr\\\/\",\"name\":\"Imola Tecnica\",\"description\":\"Progettiamo e realizziamo facciate ventilate e pavimenti sopraelevati.\",\"publisher\":{\"@id\":\"https:\\\/\\\/imolatecnica.it\\\/fr\\\/#organization\"},\"potentialAction\":[{\"@type\":\"SearchAction\",\"target\":{\"@type\":\"EntryPoint\",\"urlTemplate\":\"https:\\\/\\\/imolatecnica.it\\\/fr\\\/?s={search_term_string}\"},\"query-input\":{\"@type\":\"PropertyValueSpecification\",\"valueRequired\":true,\"valueName\":\"search_term_string\"}}],\"inLanguage\":\"fr-FR\"},{\"@type\":\"Organization\",\"@id\":\"https:\\\/\\\/imolatecnica.it\\\/fr\\\/#organization\",\"name\":\"Imola Tecnica\",\"url\":\"https:\\\/\\\/imolatecnica.it\\\/fr\\\/\",\"logo\":{\"@type\":\"ImageObject\",\"inLanguage\":\"fr-FR\",\"@id\":\"https:\\\/\\\/imolatecnica.it\\\/fr\\\/#\\\/schema\\\/logo\\\/image\\\/\",\"url\":\"https:\\\/\\\/imolatecnica.it\\\/wp-content\\\/uploads\\\/2018\\\/06\\\/logotype@2x.jpg\",\"contentUrl\":\"https:\\\/\\\/imolatecnica.it\\\/wp-content\\\/uploads\\\/2018\\\/06\\\/logotype@2x.jpg\",\"width\":1684,\"height\":1192,\"caption\":\"Imola Tecnica\"},\"image\":{\"@id\":\"https:\\\/\\\/imolatecnica.it\\\/fr\\\/#\\\/schema\\\/logo\\\/image\\\/\"},\"sameAs\":[\"https:\\\/\\\/www.linkedin.com\\\/company\\\/imola-tecnica-srl\\\/\"]}]}<\/script>\n<!-- \/ Yoast SEO plugin. -->","yoast_head_json":{"title":"Contemporain - Imola Tecnica","description":"Polyvalent, avec des formats modulaires et des gammes de couleurs qui peuvent \u00eatre m\u00e9lang\u00e9es pour cr\u00e9er des effets esth\u00e9tiques surprenants.","robots":{"index":"index","follow":"follow","max-snippet":"max-snippet:-1","max-image-preview":"max-image-preview:large","max-video-preview":"max-video-preview:-1"},"canonical":"https:\/\/imolatecnica.it\/fr\/planchers-sureleves\/pour-linterieur\/finitions\/contemporain\/","og_locale":"fr_FR","og_type":"article","og_title":"Contemporain - Imola Tecnica","og_description":"Polyvalent, avec des formats modulaires et des gammes de couleurs qui peuvent \u00eatre m\u00e9lang\u00e9es pour cr\u00e9er des effets esth\u00e9tiques surprenants.","og_url":"https:\/\/imolatecnica.it\/fr\/planchers-sureleves\/pour-linterieur\/finitions\/contemporain\/","og_site_name":"Imola Tecnica","article_modified_time":"2025-09-09T13:26:47+00:00","og_image":[{"width":800,"height":800,"url":"https:\/\/imolatecnica.it\/wp-content\/uploads\/2018\/02\/1_ICON-ALMOND@1x.jpg","type":"image\/jpeg"}],"twitter_card":"summary_large_image","twitter_misc":{"Dur\u00e9e de lecture estim\u00e9e":"1 minute"},"schema":{"@context":"https:\/\/schema.org","@graph":[{"@type":"WebPage","@id":"https:\/\/imolatecnica.it\/fr\/planchers-sureleves\/pour-linterieur\/finitions\/contemporain\/","url":"https:\/\/imolatecnica.it\/fr\/planchers-sureleves\/pour-linterieur\/finitions\/contemporain\/","name":"Contemporain - Imola Tecnica","isPartOf":{"@id":"https:\/\/imolatecnica.it\/fr\/#website"},"primaryImageOfPage":{"@id":"https:\/\/imolatecnica.it\/fr\/planchers-sureleves\/pour-linterieur\/finitions\/contemporain\/#primaryimage"},"image":{"@id":"https:\/\/imolatecnica.it\/fr\/planchers-sureleves\/pour-linterieur\/finitions\/contemporain\/#primaryimage"},"thumbnailUrl":"https:\/\/imolatecnica.it\/wp-content\/uploads\/2018\/02\/1_ICON-ALMOND@1x.jpg","datePublished":"2023-12-05T14:16:43+00:00","dateModified":"2025-09-09T13:26:47+00:00","description":"Polyvalent, avec des formats modulaires et des gammes de couleurs qui peuvent \u00eatre m\u00e9lang\u00e9es pour cr\u00e9er des effets esth\u00e9tiques surprenants.","breadcrumb":{"@id":"https:\/\/imolatecnica.it\/fr\/planchers-sureleves\/pour-linterieur\/finitions\/contemporain\/#breadcrumb"},"inLanguage":"fr-FR","potentialAction":[{"@type":"ReadAction","target":["https:\/\/imolatecnica.it\/fr\/planchers-sureleves\/pour-linterieur\/finitions\/contemporain\/"]}]},{"@type":"ImageObject","inLanguage":"fr-FR","@id":"https:\/\/imolatecnica.it\/fr\/planchers-sureleves\/pour-linterieur\/finitions\/contemporain\/#primaryimage","url":"https:\/\/imolatecnica.it\/wp-content\/uploads\/2018\/02\/1_ICON-ALMOND@1x.jpg","contentUrl":"https:\/\/imolatecnica.it\/wp-content\/uploads\/2018\/02\/1_ICON-ALMOND@1x.jpg","width":800,"height":800},{"@type":"BreadcrumbList","@id":"https:\/\/imolatecnica.it\/fr\/planchers-sureleves\/pour-linterieur\/finitions\/contemporain\/#breadcrumb","itemListElement":[{"@type":"ListItem","position":1,"name":"Home","item":"https:\/\/imolatecnica.it\/fr\/imola-tecnica\/"},{"@type":"ListItem","position":2,"name":"Planchers sur\u00e9lev\u00e9s","item":"https:\/\/imolatecnica.it\/fr\/planchers-sureleves\/"},{"@type":"ListItem","position":3,"name":"Planchers sur\u00e9lev\u00e9s pour l&rsquo;int\u00e9rieur","item":"https:\/\/imolatecnica.it\/fr\/planchers-sureleves\/pour-linterieur\/"},{"@type":"ListItem","position":4,"name":"Finitions pour planchers sur\u00e9lev\u00e9s d&#8217;int\u00e9rieur","item":"https:\/\/imolatecnica.it\/fr\/planchers-sureleves\/pour-linterieur\/finitions\/"},{"@type":"ListItem","position":5,"name":"Contemporain"}]},{"@type":"WebSite","@id":"https:\/\/imolatecnica.it\/fr\/#website","url":"https:\/\/imolatecnica.it\/fr\/","name":"Imola Tecnica","description":"Progettiamo e realizziamo facciate ventilate e pavimenti sopraelevati.","publisher":{"@id":"https:\/\/imolatecnica.it\/fr\/#organization"},"potentialAction":[{"@type":"SearchAction","target":{"@type":"EntryPoint","urlTemplate":"https:\/\/imolatecnica.it\/fr\/?s={search_term_string}"},"query-input":{"@type":"PropertyValueSpecification","valueRequired":true,"valueName":"search_term_string"}}],"inLanguage":"fr-FR"},{"@type":"Organization","@id":"https:\/\/imolatecnica.it\/fr\/#organization","name":"Imola Tecnica","url":"https:\/\/imolatecnica.it\/fr\/","logo":{"@type":"ImageObject","inLanguage":"fr-FR","@id":"https:\/\/imolatecnica.it\/fr\/#\/schema\/logo\/image\/","url":"https:\/\/imolatecnica.it\/wp-content\/uploads\/2018\/06\/logotype@2x.jpg","contentUrl":"https:\/\/imolatecnica.it\/wp-content\/uploads\/2018\/06\/logotype@2x.jpg","width":1684,"height":1192,"caption":"Imola Tecnica"},"image":{"@id":"https:\/\/imolatecnica.it\/fr\/#\/schema\/logo\/image\/"},"sameAs":["https:\/\/www.linkedin.com\/company\/imola-tecnica-srl\/"]}]}},"_links":{"self":[{"href":"https:\/\/imolatecnica.it\/fr\/wp-json\/wp\/v2\/pages\/30343","targetHints":{"allow":["GET"]}}],"collection":[{"href":"https:\/\/imolatecnica.it\/fr\/wp-json\/wp\/v2\/pages"}],"about":[{"href":"https:\/\/imolatecnica.it\/fr\/wp-json\/wp\/v2\/types\/page"}],"author":[{"embeddable":true,"href":"https:\/\/imolatecnica.it\/fr\/wp-json\/wp\/v2\/users\/4"}],"replies":[{"embeddable":true,"href":"https:\/\/imolatecnica.it\/fr\/wp-json\/wp\/v2\/comments?post=30343"}],"version-history":[{"count":2,"href":"https:\/\/imolatecnica.it\/fr\/wp-json\/wp\/v2\/pages\/30343\/revisions"}],"predecessor-version":[{"id":67993,"href":"https:\/\/imolatecnica.it\/fr\/wp-json\/wp\/v2\/pages\/30343\/revisions\/67993"}],"up":[{"embeddable":true,"href":"https:\/\/imolatecnica.it\/fr\/wp-json\/wp\/v2\/pages\/30327"}],"wp:featuredmedia":[{"embeddable":true,"href":"https:\/\/imolatecnica.it\/fr\/wp-json\/wp\/v2\/media\/3070"}],"wp:attachment":[{"href":"https:\/\/imolatecnica.it\/fr\/wp-json\/wp\/v2\/media?parent=30343"}],"curies":[{"name":"wp","href":"https:\/\/api.w.org\/{rel}","templated":true}]}}