{"id":2007,"date":"2018-02-19T14:33:44","date_gmt":"2018-02-19T13:33:44","guid":{"rendered":"http:\/\/imolatecnica.it\/sistemi-di-aggancio-facciate-ventilate\/"},"modified":"2021-03-22T17:18:52","modified_gmt":"2021-03-22T16:18:52","slug":"decouvrez-les-systemes-daccrochage-facades-ventilees","status":"publish","type":"page","link":"https:\/\/imolatecnica.it\/fr\/decouvrez-les-systemes-daccrochage-facades-ventilees\/","title":{"rendered":"D\u00e9couvrez les syst\u00e8mes d\u2019accrochage"},"content":{"rendered":"","protected":false},"excerpt":{"rendered":"","protected":false},"author":5,"featured_media":0,"parent":0,"menu_order":269,"comment_status":"closed","ping_status":"closed","template":"template-pages\/abstract-template.php","meta":{"_acf_changed":false},"class_list":["post-2007","page","type-page","status-publish","hentry"],"acf":[],"yoast_head":"<!-- This site is optimized with the Yoast SEO plugin v27.4 - https:\/\/yoast.com\/product\/yoast-seo-wordpress\/ -->\n<title>D\u00e9couvrez les syst\u00e8mes d\u2019accrochage - Imola Tecnica<\/title>\n<meta name=\"description\" content=\"Les structures \u00e9tudi\u00e9es par Imola Tecnica dans les moindres d\u00e9tails sont assembl\u00e9es de sorte que les seules charges leur \u00e9tant appliqu\u00e9es soient le poids du syst\u00e8me et le vent\" \/>\n<meta name=\"robots\" content=\"index, follow, max-snippet:-1, max-image-preview:large, max-video-preview:-1\" \/>\n<link rel=\"canonical\" href=\"https:\/\/imolatecnica.it\/fr\/decouvrez-les-systemes-daccrochage-facades-ventilees\/\" \/>\n<meta property=\"og:locale\" content=\"fr_FR\" \/>\n<meta property=\"og:type\" content=\"article\" \/>\n<meta property=\"og:title\" content=\"D\u00e9couvrez les syst\u00e8mes d\u2019accrochage - Imola Tecnica\" \/>\n<meta property=\"og:description\" content=\"Les structures \u00e9tudi\u00e9es par Imola Tecnica dans les moindres d\u00e9tails sont assembl\u00e9es de sorte que les seules charges leur \u00e9tant appliqu\u00e9es soient le poids du syst\u00e8me et le vent\" \/>\n<meta property=\"og:url\" content=\"https:\/\/imolatecnica.it\/fr\/decouvrez-les-systemes-daccrochage-facades-ventilees\/\" \/>\n<meta property=\"og:site_name\" content=\"Imola Tecnica\" \/>\n<meta property=\"article:modified_time\" content=\"2021-03-22T16:18:52+00:00\" \/>\n<meta name=\"twitter:card\" content=\"summary_large_image\" \/>\n<script type=\"application\/ld+json\" class=\"yoast-schema-graph\">{\"@context\":\"https:\\\/\\\/schema.org\",\"@graph\":[{\"@type\":\"WebPage\",\"@id\":\"https:\\\/\\\/imolatecnica.it\\\/fr\\\/decouvrez-les-systemes-daccrochage-facades-ventilees\\\/\",\"url\":\"https:\\\/\\\/imolatecnica.it\\\/fr\\\/decouvrez-les-systemes-daccrochage-facades-ventilees\\\/\",\"name\":\"D\u00e9couvrez les syst\u00e8mes d\u2019accrochage - Imola Tecnica\",\"isPartOf\":{\"@id\":\"https:\\\/\\\/imolatecnica.it\\\/fr\\\/#website\"},\"datePublished\":\"2018-02-19T13:33:44+00:00\",\"dateModified\":\"2021-03-22T16:18:52+00:00\",\"description\":\"Les structures \u00e9tudi\u00e9es par Imola Tecnica dans les moindres d\u00e9tails sont assembl\u00e9es de sorte que les seules charges leur \u00e9tant appliqu\u00e9es soient le poids du syst\u00e8me et le vent\",\"breadcrumb\":{\"@id\":\"https:\\\/\\\/imolatecnica.it\\\/fr\\\/decouvrez-les-systemes-daccrochage-facades-ventilees\\\/#breadcrumb\"},\"inLanguage\":\"fr-FR\",\"potentialAction\":[{\"@type\":\"ReadAction\",\"target\":[\"https:\\\/\\\/imolatecnica.it\\\/fr\\\/decouvrez-les-systemes-daccrochage-facades-ventilees\\\/\"]}]},{\"@type\":\"BreadcrumbList\",\"@id\":\"https:\\\/\\\/imolatecnica.it\\\/fr\\\/decouvrez-les-systemes-daccrochage-facades-ventilees\\\/#breadcrumb\",\"itemListElement\":[{\"@type\":\"ListItem\",\"position\":1,\"name\":\"Home\",\"item\":\"https:\\\/\\\/imolatecnica.it\\\/fr\\\/imola-tecnica\\\/\"},{\"@type\":\"ListItem\",\"position\":2,\"name\":\"D\u00e9couvrez les syst\u00e8mes d\u2019accrochage\"}]},{\"@type\":\"WebSite\",\"@id\":\"https:\\\/\\\/imolatecnica.it\\\/fr\\\/#website\",\"url\":\"https:\\\/\\\/imolatecnica.it\\\/fr\\\/\",\"name\":\"Imola Tecnica\",\"description\":\"Progettiamo e realizziamo facciate ventilate e pavimenti sopraelevati.\",\"publisher\":{\"@id\":\"https:\\\/\\\/imolatecnica.it\\\/fr\\\/#organization\"},\"potentialAction\":[{\"@type\":\"SearchAction\",\"target\":{\"@type\":\"EntryPoint\",\"urlTemplate\":\"https:\\\/\\\/imolatecnica.it\\\/fr\\\/?s={search_term_string}\"},\"query-input\":{\"@type\":\"PropertyValueSpecification\",\"valueRequired\":true,\"valueName\":\"search_term_string\"}}],\"inLanguage\":\"fr-FR\"},{\"@type\":\"Organization\",\"@id\":\"https:\\\/\\\/imolatecnica.it\\\/fr\\\/#organization\",\"name\":\"Imola Tecnica\",\"url\":\"https:\\\/\\\/imolatecnica.it\\\/fr\\\/\",\"logo\":{\"@type\":\"ImageObject\",\"inLanguage\":\"fr-FR\",\"@id\":\"https:\\\/\\\/imolatecnica.it\\\/fr\\\/#\\\/schema\\\/logo\\\/image\\\/\",\"url\":\"https:\\\/\\\/imolatecnica.it\\\/wp-content\\\/uploads\\\/2018\\\/06\\\/logotype@2x.jpg\",\"contentUrl\":\"https:\\\/\\\/imolatecnica.it\\\/wp-content\\\/uploads\\\/2018\\\/06\\\/logotype@2x.jpg\",\"width\":1684,\"height\":1192,\"caption\":\"Imola Tecnica\"},\"image\":{\"@id\":\"https:\\\/\\\/imolatecnica.it\\\/fr\\\/#\\\/schema\\\/logo\\\/image\\\/\"},\"sameAs\":[\"https:\\\/\\\/www.linkedin.com\\\/company\\\/imola-tecnica-srl\\\/\"]}]}<\/script>\n<!-- \/ Yoast SEO plugin. -->","yoast_head_json":{"title":"D\u00e9couvrez les syst\u00e8mes d\u2019accrochage - Imola Tecnica","description":"Les structures \u00e9tudi\u00e9es par Imola Tecnica dans les moindres d\u00e9tails sont assembl\u00e9es de sorte que les seules charges leur \u00e9tant appliqu\u00e9es soient le poids du syst\u00e8me et le vent","robots":{"index":"index","follow":"follow","max-snippet":"max-snippet:-1","max-image-preview":"max-image-preview:large","max-video-preview":"max-video-preview:-1"},"canonical":"https:\/\/imolatecnica.it\/fr\/decouvrez-les-systemes-daccrochage-facades-ventilees\/","og_locale":"fr_FR","og_type":"article","og_title":"D\u00e9couvrez les syst\u00e8mes d\u2019accrochage - Imola Tecnica","og_description":"Les structures \u00e9tudi\u00e9es par Imola Tecnica dans les moindres d\u00e9tails sont assembl\u00e9es de sorte que les seules charges leur \u00e9tant appliqu\u00e9es soient le poids du syst\u00e8me et le vent","og_url":"https:\/\/imolatecnica.it\/fr\/decouvrez-les-systemes-daccrochage-facades-ventilees\/","og_site_name":"Imola Tecnica","article_modified_time":"2021-03-22T16:18:52+00:00","twitter_card":"summary_large_image","schema":{"@context":"https:\/\/schema.org","@graph":[{"@type":"WebPage","@id":"https:\/\/imolatecnica.it\/fr\/decouvrez-les-systemes-daccrochage-facades-ventilees\/","url":"https:\/\/imolatecnica.it\/fr\/decouvrez-les-systemes-daccrochage-facades-ventilees\/","name":"D\u00e9couvrez les syst\u00e8mes d\u2019accrochage - Imola Tecnica","isPartOf":{"@id":"https:\/\/imolatecnica.it\/fr\/#website"},"datePublished":"2018-02-19T13:33:44+00:00","dateModified":"2021-03-22T16:18:52+00:00","description":"Les structures \u00e9tudi\u00e9es par Imola Tecnica dans les moindres d\u00e9tails sont assembl\u00e9es de sorte que les seules charges leur \u00e9tant appliqu\u00e9es soient le poids du syst\u00e8me et le vent","breadcrumb":{"@id":"https:\/\/imolatecnica.it\/fr\/decouvrez-les-systemes-daccrochage-facades-ventilees\/#breadcrumb"},"inLanguage":"fr-FR","potentialAction":[{"@type":"ReadAction","target":["https:\/\/imolatecnica.it\/fr\/decouvrez-les-systemes-daccrochage-facades-ventilees\/"]}]},{"@type":"BreadcrumbList","@id":"https:\/\/imolatecnica.it\/fr\/decouvrez-les-systemes-daccrochage-facades-ventilees\/#breadcrumb","itemListElement":[{"@type":"ListItem","position":1,"name":"Home","item":"https:\/\/imolatecnica.it\/fr\/imola-tecnica\/"},{"@type":"ListItem","position":2,"name":"D\u00e9couvrez les syst\u00e8mes d\u2019accrochage"}]},{"@type":"WebSite","@id":"https:\/\/imolatecnica.it\/fr\/#website","url":"https:\/\/imolatecnica.it\/fr\/","name":"Imola Tecnica","description":"Progettiamo e realizziamo facciate ventilate e pavimenti sopraelevati.","publisher":{"@id":"https:\/\/imolatecnica.it\/fr\/#organization"},"potentialAction":[{"@type":"SearchAction","target":{"@type":"EntryPoint","urlTemplate":"https:\/\/imolatecnica.it\/fr\/?s={search_term_string}"},"query-input":{"@type":"PropertyValueSpecification","valueRequired":true,"valueName":"search_term_string"}}],"inLanguage":"fr-FR"},{"@type":"Organization","@id":"https:\/\/imolatecnica.it\/fr\/#organization","name":"Imola Tecnica","url":"https:\/\/imolatecnica.it\/fr\/","logo":{"@type":"ImageObject","inLanguage":"fr-FR","@id":"https:\/\/imolatecnica.it\/fr\/#\/schema\/logo\/image\/","url":"https:\/\/imolatecnica.it\/wp-content\/uploads\/2018\/06\/logotype@2x.jpg","contentUrl":"https:\/\/imolatecnica.it\/wp-content\/uploads\/2018\/06\/logotype@2x.jpg","width":1684,"height":1192,"caption":"Imola Tecnica"},"image":{"@id":"https:\/\/imolatecnica.it\/fr\/#\/schema\/logo\/image\/"},"sameAs":["https:\/\/www.linkedin.com\/company\/imola-tecnica-srl\/"]}]}},"_links":{"self":[{"href":"https:\/\/imolatecnica.it\/fr\/wp-json\/wp\/v2\/pages\/2007","targetHints":{"allow":["GET"]}}],"collection":[{"href":"https:\/\/imolatecnica.it\/fr\/wp-json\/wp\/v2\/pages"}],"about":[{"href":"https:\/\/imolatecnica.it\/fr\/wp-json\/wp\/v2\/types\/page"}],"author":[{"embeddable":true,"href":"https:\/\/imolatecnica.it\/fr\/wp-json\/wp\/v2\/users\/5"}],"replies":[{"embeddable":true,"href":"https:\/\/imolatecnica.it\/fr\/wp-json\/wp\/v2\/comments?post=2007"}],"version-history":[{"count":13,"href":"https:\/\/imolatecnica.it\/fr\/wp-json\/wp\/v2\/pages\/2007\/revisions"}],"predecessor-version":[{"id":5631,"href":"https:\/\/imolatecnica.it\/fr\/wp-json\/wp\/v2\/pages\/2007\/revisions\/5631"}],"wp:attachment":[{"href":"https:\/\/imolatecnica.it\/fr\/wp-json\/wp\/v2\/media?parent=2007"}],"curies":[{"name":"wp","href":"https:\/\/api.w.org\/{rel}","templated":true}]}}