{"id":31517,"date":"2023-04-28T18:15:10","date_gmt":"2023-04-28T16:15:10","guid":{"rendered":"https:\/\/imolatecnica.it\/fachadas-ventiladas\/acabados-de-fachada-ventilada\/"},"modified":"2023-04-28T18:15:10","modified_gmt":"2023-04-28T16:15:10","slug":"acabados-de-fachada-ventilada","status":"publish","type":"page","link":"https:\/\/imolatecnica.it\/es\/fachadas-ventiladas\/acabados-de-fachada-ventilada\/","title":{"rendered":"Acabados de fachada ventilada"},"content":{"rendered":"","protected":false},"excerpt":{"rendered":"","protected":false},"author":4,"featured_media":7877,"parent":11772,"menu_order":60,"comment_status":"closed","ping_status":"closed","template":"template-pages\/abstract-template-fv.php","meta":{"_acf_changed":false},"class_list":["post-31517","page","type-page","status-publish","has-post-thumbnail","hentry"],"acf":[],"yoast_head":"<!-- This site is optimized with the Yoast SEO plugin v27.2 - https:\/\/yoast.com\/product\/yoast-seo-wordpress\/ -->\n<title>Acabados de fachada ventilada - Imola Tecnica es<\/title>\n<meta name=\"description\" content=\"Azuma es la materializaci\u00f3n de una nueva filosof\u00eda de dise\u00f1o que se inspira en la forma de concebir los espacios habitables, y la idea misma de espacialidad, en Jap\u00f3n.\" \/>\n<meta name=\"robots\" content=\"index, follow, max-snippet:-1, max-image-preview:large, max-video-preview:-1\" \/>\n<link rel=\"canonical\" href=\"https:\/\/imolatecnica.it\/es\/fachadas-ventiladas\/acabados-de-fachada-ventilada\/\" \/>\n<meta property=\"og:locale\" content=\"es_ES\" \/>\n<meta property=\"og:type\" content=\"article\" \/>\n<meta property=\"og:title\" content=\"Acabados de fachada ventilada - Imola Tecnica es\" \/>\n<meta property=\"og:description\" content=\"Azuma es la materializaci\u00f3n de una nueva filosof\u00eda de dise\u00f1o que se inspira en la forma de concebir los espacios habitables, y la idea misma de espacialidad, en Jap\u00f3n.\" \/>\n<meta property=\"og:url\" content=\"https:\/\/imolatecnica.it\/es\/fachadas-ventiladas\/acabados-de-fachada-ventilada\/\" \/>\n<meta property=\"og:site_name\" content=\"Imola Tecnica es\" \/>\n<meta property=\"og:image\" content=\"https:\/\/imolatecnica.it\/wp-content\/uploads\/2018\/02\/1_AZUMA-AG@1x.jpg\" \/>\n\t<meta property=\"og:image:width\" content=\"800\" \/>\n\t<meta property=\"og:image:height\" content=\"800\" \/>\n\t<meta property=\"og:image:type\" content=\"image\/jpeg\" \/>\n<meta name=\"twitter:card\" content=\"summary_large_image\" \/>\n<script type=\"application\/ld+json\" class=\"yoast-schema-graph\">{\"@context\":\"https:\/\/schema.org\",\"@graph\":[{\"@type\":\"WebPage\",\"@id\":\"https:\/\/imolatecnica.it\/es\/fachadas-ventiladas\/acabados-de-fachada-ventilada\/\",\"url\":\"https:\/\/imolatecnica.it\/es\/fachadas-ventiladas\/acabados-de-fachada-ventilada\/\",\"name\":\"Acabados de fachada ventilada - Imola Tecnica es\",\"isPartOf\":{\"@id\":\"https:\/\/imolatecnica.it\/es\/#website\"},\"primaryImageOfPage\":{\"@id\":\"https:\/\/imolatecnica.it\/es\/fachadas-ventiladas\/acabados-de-fachada-ventilada\/#primaryimage\"},\"image\":{\"@id\":\"https:\/\/imolatecnica.it\/es\/fachadas-ventiladas\/acabados-de-fachada-ventilada\/#primaryimage\"},\"thumbnailUrl\":\"https:\/\/imolatecnica.it\/wp-content\/uploads\/2018\/02\/1_AZUMA-AG@1x.jpg\",\"datePublished\":\"2023-04-28T16:15:10+00:00\",\"description\":\"Azuma es la materializaci\u00f3n de una nueva filosof\u00eda de dise\u00f1o que se inspira en la forma de concebir los espacios habitables, y la idea misma de espacialidad, en Jap\u00f3n.\",\"breadcrumb\":{\"@id\":\"https:\/\/imolatecnica.it\/es\/fachadas-ventiladas\/acabados-de-fachada-ventilada\/#breadcrumb\"},\"inLanguage\":\"es\",\"potentialAction\":[{\"@type\":\"ReadAction\",\"target\":[\"https:\/\/imolatecnica.it\/es\/fachadas-ventiladas\/acabados-de-fachada-ventilada\/\"]}]},{\"@type\":\"ImageObject\",\"inLanguage\":\"es\",\"@id\":\"https:\/\/imolatecnica.it\/es\/fachadas-ventiladas\/acabados-de-fachada-ventilada\/#primaryimage\",\"url\":\"https:\/\/imolatecnica.it\/wp-content\/uploads\/2018\/02\/1_AZUMA-AG@1x.jpg\",\"contentUrl\":\"https:\/\/imolatecnica.it\/wp-content\/uploads\/2018\/02\/1_AZUMA-AG@1x.jpg\",\"width\":800,\"height\":800},{\"@type\":\"BreadcrumbList\",\"@id\":\"https:\/\/imolatecnica.it\/es\/fachadas-ventiladas\/acabados-de-fachada-ventilada\/#breadcrumb\",\"itemListElement\":[{\"@type\":\"ListItem\",\"position\":1,\"name\":\"Home\",\"item\":\"https:\/\/imolatecnica.it\/es\/imola-tecnica\/\"},{\"@type\":\"ListItem\",\"position\":2,\"name\":\"Fachadas ventiladas\",\"item\":\"https:\/\/imolatecnica.it\/es\/fachadas-ventiladas\/\"},{\"@type\":\"ListItem\",\"position\":3,\"name\":\"Acabados de fachada ventilada\"}]},{\"@type\":\"WebSite\",\"@id\":\"https:\/\/imolatecnica.it\/es\/#website\",\"url\":\"https:\/\/imolatecnica.it\/es\/\",\"name\":\"Imola Tecnica es\",\"description\":\"Progettiamo e realizziamo facciate ventilate e pavimenti sopraelevati es.\",\"publisher\":{\"@id\":\"https:\/\/imolatecnica.it\/es\/#organization\"},\"potentialAction\":[{\"@type\":\"SearchAction\",\"target\":{\"@type\":\"EntryPoint\",\"urlTemplate\":\"https:\/\/imolatecnica.it\/es\/?s={search_term_string}\"},\"query-input\":{\"@type\":\"PropertyValueSpecification\",\"valueRequired\":true,\"valueName\":\"search_term_string\"}}],\"inLanguage\":\"es\"},{\"@type\":\"Organization\",\"@id\":\"https:\/\/imolatecnica.it\/es\/#organization\",\"name\":\"Imola Tecnica\",\"url\":\"https:\/\/imolatecnica.it\/es\/\",\"logo\":{\"@type\":\"ImageObject\",\"inLanguage\":\"es\",\"@id\":\"https:\/\/imolatecnica.it\/es\/#\/schema\/logo\/image\/\",\"url\":\"https:\/\/imolatecnica.it\/wp-content\/uploads\/2018\/06\/logotype@2x.jpg\",\"contentUrl\":\"https:\/\/imolatecnica.it\/wp-content\/uploads\/2018\/06\/logotype@2x.jpg\",\"width\":1684,\"height\":1192,\"caption\":\"Imola Tecnica\"},\"image\":{\"@id\":\"https:\/\/imolatecnica.it\/es\/#\/schema\/logo\/image\/\"},\"sameAs\":[\"https:\/\/www.linkedin.com\/company\/imola-tecnica-srl\/\"]}]}<\/script>\n<!-- \/ Yoast SEO plugin. -->","yoast_head_json":{"title":"Acabados de fachada ventilada - Imola Tecnica es","description":"Azuma es la materializaci\u00f3n de una nueva filosof\u00eda de dise\u00f1o que se inspira en la forma de concebir los espacios habitables, y la idea misma de espacialidad, en Jap\u00f3n.","robots":{"index":"index","follow":"follow","max-snippet":"max-snippet:-1","max-image-preview":"max-image-preview:large","max-video-preview":"max-video-preview:-1"},"canonical":"https:\/\/imolatecnica.it\/es\/fachadas-ventiladas\/acabados-de-fachada-ventilada\/","og_locale":"es_ES","og_type":"article","og_title":"Acabados de fachada ventilada - Imola Tecnica es","og_description":"Azuma es la materializaci\u00f3n de una nueva filosof\u00eda de dise\u00f1o que se inspira en la forma de concebir los espacios habitables, y la idea misma de espacialidad, en Jap\u00f3n.","og_url":"https:\/\/imolatecnica.it\/es\/fachadas-ventiladas\/acabados-de-fachada-ventilada\/","og_site_name":"Imola Tecnica es","og_image":[{"width":800,"height":800,"url":"https:\/\/imolatecnica.it\/wp-content\/uploads\/2018\/02\/1_AZUMA-AG@1x.jpg","type":"image\/jpeg"}],"twitter_card":"summary_large_image","schema":{"@context":"https:\/\/schema.org","@graph":[{"@type":"WebPage","@id":"https:\/\/imolatecnica.it\/es\/fachadas-ventiladas\/acabados-de-fachada-ventilada\/","url":"https:\/\/imolatecnica.it\/es\/fachadas-ventiladas\/acabados-de-fachada-ventilada\/","name":"Acabados de fachada ventilada - Imola Tecnica es","isPartOf":{"@id":"https:\/\/imolatecnica.it\/es\/#website"},"primaryImageOfPage":{"@id":"https:\/\/imolatecnica.it\/es\/fachadas-ventiladas\/acabados-de-fachada-ventilada\/#primaryimage"},"image":{"@id":"https:\/\/imolatecnica.it\/es\/fachadas-ventiladas\/acabados-de-fachada-ventilada\/#primaryimage"},"thumbnailUrl":"https:\/\/imolatecnica.it\/wp-content\/uploads\/2018\/02\/1_AZUMA-AG@1x.jpg","datePublished":"2023-04-28T16:15:10+00:00","description":"Azuma es la materializaci\u00f3n de una nueva filosof\u00eda de dise\u00f1o que se inspira en la forma de concebir los espacios habitables, y la idea misma de espacialidad, en Jap\u00f3n.","breadcrumb":{"@id":"https:\/\/imolatecnica.it\/es\/fachadas-ventiladas\/acabados-de-fachada-ventilada\/#breadcrumb"},"inLanguage":"es","potentialAction":[{"@type":"ReadAction","target":["https:\/\/imolatecnica.it\/es\/fachadas-ventiladas\/acabados-de-fachada-ventilada\/"]}]},{"@type":"ImageObject","inLanguage":"es","@id":"https:\/\/imolatecnica.it\/es\/fachadas-ventiladas\/acabados-de-fachada-ventilada\/#primaryimage","url":"https:\/\/imolatecnica.it\/wp-content\/uploads\/2018\/02\/1_AZUMA-AG@1x.jpg","contentUrl":"https:\/\/imolatecnica.it\/wp-content\/uploads\/2018\/02\/1_AZUMA-AG@1x.jpg","width":800,"height":800},{"@type":"BreadcrumbList","@id":"https:\/\/imolatecnica.it\/es\/fachadas-ventiladas\/acabados-de-fachada-ventilada\/#breadcrumb","itemListElement":[{"@type":"ListItem","position":1,"name":"Home","item":"https:\/\/imolatecnica.it\/es\/imola-tecnica\/"},{"@type":"ListItem","position":2,"name":"Fachadas ventiladas","item":"https:\/\/imolatecnica.it\/es\/fachadas-ventiladas\/"},{"@type":"ListItem","position":3,"name":"Acabados de fachada ventilada"}]},{"@type":"WebSite","@id":"https:\/\/imolatecnica.it\/es\/#website","url":"https:\/\/imolatecnica.it\/es\/","name":"Imola Tecnica es","description":"Progettiamo e realizziamo facciate ventilate e pavimenti sopraelevati es.","publisher":{"@id":"https:\/\/imolatecnica.it\/es\/#organization"},"potentialAction":[{"@type":"SearchAction","target":{"@type":"EntryPoint","urlTemplate":"https:\/\/imolatecnica.it\/es\/?s={search_term_string}"},"query-input":{"@type":"PropertyValueSpecification","valueRequired":true,"valueName":"search_term_string"}}],"inLanguage":"es"},{"@type":"Organization","@id":"https:\/\/imolatecnica.it\/es\/#organization","name":"Imola Tecnica","url":"https:\/\/imolatecnica.it\/es\/","logo":{"@type":"ImageObject","inLanguage":"es","@id":"https:\/\/imolatecnica.it\/es\/#\/schema\/logo\/image\/","url":"https:\/\/imolatecnica.it\/wp-content\/uploads\/2018\/06\/logotype@2x.jpg","contentUrl":"https:\/\/imolatecnica.it\/wp-content\/uploads\/2018\/06\/logotype@2x.jpg","width":1684,"height":1192,"caption":"Imola Tecnica"},"image":{"@id":"https:\/\/imolatecnica.it\/es\/#\/schema\/logo\/image\/"},"sameAs":["https:\/\/www.linkedin.com\/company\/imola-tecnica-srl\/"]}]}},"_links":{"self":[{"href":"https:\/\/imolatecnica.it\/es\/wp-json\/wp\/v2\/pages\/31517","targetHints":{"allow":["GET"]}}],"collection":[{"href":"https:\/\/imolatecnica.it\/es\/wp-json\/wp\/v2\/pages"}],"about":[{"href":"https:\/\/imolatecnica.it\/es\/wp-json\/wp\/v2\/types\/page"}],"author":[{"embeddable":true,"href":"https:\/\/imolatecnica.it\/es\/wp-json\/wp\/v2\/users\/4"}],"replies":[{"embeddable":true,"href":"https:\/\/imolatecnica.it\/es\/wp-json\/wp\/v2\/comments?post=31517"}],"version-history":[{"count":0,"href":"https:\/\/imolatecnica.it\/es\/wp-json\/wp\/v2\/pages\/31517\/revisions"}],"up":[{"embeddable":true,"href":"https:\/\/imolatecnica.it\/es\/wp-json\/wp\/v2\/pages\/11772"}],"wp:featuredmedia":[{"embeddable":true,"href":"https:\/\/imolatecnica.it\/es\/wp-json\/wp\/v2\/media\/7877"}],"wp:attachment":[{"href":"https:\/\/imolatecnica.it\/es\/wp-json\/wp\/v2\/media?parent=31517"}],"curies":[{"name":"wp","href":"https:\/\/api.w.org\/{rel}","templated":true}]}}