{"id":31272,"date":"2024-01-03T11:57:38","date_gmt":"2024-01-03T10:57:38","guid":{"rendered":"https:\/\/imolatecnica.it\/?page_id=31272"},"modified":"2025-10-07T17:31:08","modified_gmt":"2025-10-07T15:31:08","slug":"contemporaneo","status":"publish","type":"page","link":"https:\/\/imolatecnica.it\/es\/fachadas-ventiladas\/acabados-de-fachada-ventilada\/contemporaneo\/","title":{"rendered":"Contempor\u00e1neo"},"content":{"rendered":"<h3><strong>Sistemas de acoplamiento<\/strong><\/h3>\n","protected":false},"excerpt":{"rendered":"<p>Sistemas de acoplamiento<\/p>\n","protected":false},"author":4,"featured_media":7901,"parent":31517,"menu_order":139,"comment_status":"closed","ping_status":"closed","template":"template-pages\/abstract-template-fv.php","meta":{"_acf_changed":false},"class_list":["post-31272","page","type-page","status-publish","has-post-thumbnail","hentry"],"acf":[],"yoast_head":"<!-- This site is optimized with the Yoast SEO plugin v27.2 - https:\/\/yoast.com\/product\/yoast-seo-wordpress\/ -->\n<title>Contempor\u00e1neo - Imola Tecnica es<\/title>\n<meta name=\"description\" content=\"Vers\u00e1tiles, con formatos modulares y gamas de colores que pueden mezclarse entre s\u00ed para crear efectos est\u00e9ticos sorprendentes.\" \/>\n<meta name=\"robots\" content=\"index, follow, max-snippet:-1, max-image-preview:large, max-video-preview:-1\" \/>\n<link rel=\"canonical\" href=\"https:\/\/imolatecnica.it\/es\/fachadas-ventiladas\/acabados-de-fachada-ventilada\/contemporaneo\/\" \/>\n<meta property=\"og:locale\" content=\"es_ES\" \/>\n<meta property=\"og:type\" content=\"article\" \/>\n<meta property=\"og:title\" content=\"Contempor\u00e1neo - Imola Tecnica es\" \/>\n<meta property=\"og:description\" content=\"Vers\u00e1tiles, con formatos modulares y gamas de colores que pueden mezclarse entre s\u00ed para crear efectos est\u00e9ticos sorprendentes.\" \/>\n<meta property=\"og:url\" content=\"https:\/\/imolatecnica.it\/es\/fachadas-ventiladas\/acabados-de-fachada-ventilada\/contemporaneo\/\" \/>\n<meta property=\"og:site_name\" content=\"Imola Tecnica es\" \/>\n<meta property=\"article:modified_time\" content=\"2025-10-07T15:31:08+00:00\" \/>\n<meta property=\"og:image\" content=\"https:\/\/imolatecnica.it\/wp-content\/uploads\/2018\/02\/1_ICON-ALMOND@1x.jpg\" \/>\n\t<meta property=\"og:image:width\" content=\"800\" \/>\n\t<meta property=\"og:image:height\" content=\"800\" \/>\n\t<meta property=\"og:image:type\" content=\"image\/jpeg\" \/>\n<meta name=\"twitter:card\" content=\"summary_large_image\" \/>\n<meta name=\"twitter:label1\" content=\"Tiempo de lectura\" \/>\n\t<meta name=\"twitter:data1\" content=\"1 minuto\" \/>\n<script type=\"application\/ld+json\" class=\"yoast-schema-graph\">{\"@context\":\"https:\/\/schema.org\",\"@graph\":[{\"@type\":\"WebPage\",\"@id\":\"https:\/\/imolatecnica.it\/es\/fachadas-ventiladas\/acabados-de-fachada-ventilada\/contemporaneo\/\",\"url\":\"https:\/\/imolatecnica.it\/es\/fachadas-ventiladas\/acabados-de-fachada-ventilada\/contemporaneo\/\",\"name\":\"Contempor\u00e1neo - Imola Tecnica es\",\"isPartOf\":{\"@id\":\"https:\/\/imolatecnica.it\/es\/#website\"},\"primaryImageOfPage\":{\"@id\":\"https:\/\/imolatecnica.it\/es\/fachadas-ventiladas\/acabados-de-fachada-ventilada\/contemporaneo\/#primaryimage\"},\"image\":{\"@id\":\"https:\/\/imolatecnica.it\/es\/fachadas-ventiladas\/acabados-de-fachada-ventilada\/contemporaneo\/#primaryimage\"},\"thumbnailUrl\":\"https:\/\/imolatecnica.it\/wp-content\/uploads\/2018\/02\/1_ICON-ALMOND@1x.jpg\",\"datePublished\":\"2024-01-03T10:57:38+00:00\",\"dateModified\":\"2025-10-07T15:31:08+00:00\",\"description\":\"Vers\u00e1tiles, con formatos modulares y gamas de colores que pueden mezclarse entre s\u00ed para crear efectos est\u00e9ticos sorprendentes.\",\"breadcrumb\":{\"@id\":\"https:\/\/imolatecnica.it\/es\/fachadas-ventiladas\/acabados-de-fachada-ventilada\/contemporaneo\/#breadcrumb\"},\"inLanguage\":\"es\",\"potentialAction\":[{\"@type\":\"ReadAction\",\"target\":[\"https:\/\/imolatecnica.it\/es\/fachadas-ventiladas\/acabados-de-fachada-ventilada\/contemporaneo\/\"]}]},{\"@type\":\"ImageObject\",\"inLanguage\":\"es\",\"@id\":\"https:\/\/imolatecnica.it\/es\/fachadas-ventiladas\/acabados-de-fachada-ventilada\/contemporaneo\/#primaryimage\",\"url\":\"https:\/\/imolatecnica.it\/wp-content\/uploads\/2018\/02\/1_ICON-ALMOND@1x.jpg\",\"contentUrl\":\"https:\/\/imolatecnica.it\/wp-content\/uploads\/2018\/02\/1_ICON-ALMOND@1x.jpg\",\"width\":800,\"height\":800},{\"@type\":\"BreadcrumbList\",\"@id\":\"https:\/\/imolatecnica.it\/es\/fachadas-ventiladas\/acabados-de-fachada-ventilada\/contemporaneo\/#breadcrumb\",\"itemListElement\":[{\"@type\":\"ListItem\",\"position\":1,\"name\":\"Home\",\"item\":\"https:\/\/imolatecnica.it\/es\/imola-tecnica\/\"},{\"@type\":\"ListItem\",\"position\":2,\"name\":\"Fachadas ventiladas\",\"item\":\"https:\/\/imolatecnica.it\/es\/fachadas-ventiladas\/\"},{\"@type\":\"ListItem\",\"position\":3,\"name\":\"Acabados de fachada ventilada\",\"item\":\"https:\/\/imolatecnica.it\/es\/fachadas-ventiladas\/acabados-de-fachada-ventilada\/\"},{\"@type\":\"ListItem\",\"position\":4,\"name\":\"Contempor\u00e1neo\"}]},{\"@type\":\"WebSite\",\"@id\":\"https:\/\/imolatecnica.it\/es\/#website\",\"url\":\"https:\/\/imolatecnica.it\/es\/\",\"name\":\"Imola Tecnica es\",\"description\":\"Progettiamo e realizziamo facciate ventilate e pavimenti sopraelevati es.\",\"publisher\":{\"@id\":\"https:\/\/imolatecnica.it\/es\/#organization\"},\"potentialAction\":[{\"@type\":\"SearchAction\",\"target\":{\"@type\":\"EntryPoint\",\"urlTemplate\":\"https:\/\/imolatecnica.it\/es\/?s={search_term_string}\"},\"query-input\":{\"@type\":\"PropertyValueSpecification\",\"valueRequired\":true,\"valueName\":\"search_term_string\"}}],\"inLanguage\":\"es\"},{\"@type\":\"Organization\",\"@id\":\"https:\/\/imolatecnica.it\/es\/#organization\",\"name\":\"Imola Tecnica\",\"url\":\"https:\/\/imolatecnica.it\/es\/\",\"logo\":{\"@type\":\"ImageObject\",\"inLanguage\":\"es\",\"@id\":\"https:\/\/imolatecnica.it\/es\/#\/schema\/logo\/image\/\",\"url\":\"https:\/\/imolatecnica.it\/wp-content\/uploads\/2018\/06\/logotype@2x.jpg\",\"contentUrl\":\"https:\/\/imolatecnica.it\/wp-content\/uploads\/2018\/06\/logotype@2x.jpg\",\"width\":1684,\"height\":1192,\"caption\":\"Imola Tecnica\"},\"image\":{\"@id\":\"https:\/\/imolatecnica.it\/es\/#\/schema\/logo\/image\/\"},\"sameAs\":[\"https:\/\/www.linkedin.com\/company\/imola-tecnica-srl\/\"]}]}<\/script>\n<!-- \/ Yoast SEO plugin. -->","yoast_head_json":{"title":"Contempor\u00e1neo - Imola Tecnica es","description":"Vers\u00e1tiles, con formatos modulares y gamas de colores que pueden mezclarse entre s\u00ed para crear efectos est\u00e9ticos sorprendentes.","robots":{"index":"index","follow":"follow","max-snippet":"max-snippet:-1","max-image-preview":"max-image-preview:large","max-video-preview":"max-video-preview:-1"},"canonical":"https:\/\/imolatecnica.it\/es\/fachadas-ventiladas\/acabados-de-fachada-ventilada\/contemporaneo\/","og_locale":"es_ES","og_type":"article","og_title":"Contempor\u00e1neo - Imola Tecnica es","og_description":"Vers\u00e1tiles, con formatos modulares y gamas de colores que pueden mezclarse entre s\u00ed para crear efectos est\u00e9ticos sorprendentes.","og_url":"https:\/\/imolatecnica.it\/es\/fachadas-ventiladas\/acabados-de-fachada-ventilada\/contemporaneo\/","og_site_name":"Imola Tecnica es","article_modified_time":"2025-10-07T15:31:08+00:00","og_image":[{"width":800,"height":800,"url":"https:\/\/imolatecnica.it\/wp-content\/uploads\/2018\/02\/1_ICON-ALMOND@1x.jpg","type":"image\/jpeg"}],"twitter_card":"summary_large_image","twitter_misc":{"Tiempo de lectura":"1 minuto"},"schema":{"@context":"https:\/\/schema.org","@graph":[{"@type":"WebPage","@id":"https:\/\/imolatecnica.it\/es\/fachadas-ventiladas\/acabados-de-fachada-ventilada\/contemporaneo\/","url":"https:\/\/imolatecnica.it\/es\/fachadas-ventiladas\/acabados-de-fachada-ventilada\/contemporaneo\/","name":"Contempor\u00e1neo - Imola Tecnica es","isPartOf":{"@id":"https:\/\/imolatecnica.it\/es\/#website"},"primaryImageOfPage":{"@id":"https:\/\/imolatecnica.it\/es\/fachadas-ventiladas\/acabados-de-fachada-ventilada\/contemporaneo\/#primaryimage"},"image":{"@id":"https:\/\/imolatecnica.it\/es\/fachadas-ventiladas\/acabados-de-fachada-ventilada\/contemporaneo\/#primaryimage"},"thumbnailUrl":"https:\/\/imolatecnica.it\/wp-content\/uploads\/2018\/02\/1_ICON-ALMOND@1x.jpg","datePublished":"2024-01-03T10:57:38+00:00","dateModified":"2025-10-07T15:31:08+00:00","description":"Vers\u00e1tiles, con formatos modulares y gamas de colores que pueden mezclarse entre s\u00ed para crear efectos est\u00e9ticos sorprendentes.","breadcrumb":{"@id":"https:\/\/imolatecnica.it\/es\/fachadas-ventiladas\/acabados-de-fachada-ventilada\/contemporaneo\/#breadcrumb"},"inLanguage":"es","potentialAction":[{"@type":"ReadAction","target":["https:\/\/imolatecnica.it\/es\/fachadas-ventiladas\/acabados-de-fachada-ventilada\/contemporaneo\/"]}]},{"@type":"ImageObject","inLanguage":"es","@id":"https:\/\/imolatecnica.it\/es\/fachadas-ventiladas\/acabados-de-fachada-ventilada\/contemporaneo\/#primaryimage","url":"https:\/\/imolatecnica.it\/wp-content\/uploads\/2018\/02\/1_ICON-ALMOND@1x.jpg","contentUrl":"https:\/\/imolatecnica.it\/wp-content\/uploads\/2018\/02\/1_ICON-ALMOND@1x.jpg","width":800,"height":800},{"@type":"BreadcrumbList","@id":"https:\/\/imolatecnica.it\/es\/fachadas-ventiladas\/acabados-de-fachada-ventilada\/contemporaneo\/#breadcrumb","itemListElement":[{"@type":"ListItem","position":1,"name":"Home","item":"https:\/\/imolatecnica.it\/es\/imola-tecnica\/"},{"@type":"ListItem","position":2,"name":"Fachadas ventiladas","item":"https:\/\/imolatecnica.it\/es\/fachadas-ventiladas\/"},{"@type":"ListItem","position":3,"name":"Acabados de fachada ventilada","item":"https:\/\/imolatecnica.it\/es\/fachadas-ventiladas\/acabados-de-fachada-ventilada\/"},{"@type":"ListItem","position":4,"name":"Contempor\u00e1neo"}]},{"@type":"WebSite","@id":"https:\/\/imolatecnica.it\/es\/#website","url":"https:\/\/imolatecnica.it\/es\/","name":"Imola Tecnica es","description":"Progettiamo e realizziamo facciate ventilate e pavimenti sopraelevati es.","publisher":{"@id":"https:\/\/imolatecnica.it\/es\/#organization"},"potentialAction":[{"@type":"SearchAction","target":{"@type":"EntryPoint","urlTemplate":"https:\/\/imolatecnica.it\/es\/?s={search_term_string}"},"query-input":{"@type":"PropertyValueSpecification","valueRequired":true,"valueName":"search_term_string"}}],"inLanguage":"es"},{"@type":"Organization","@id":"https:\/\/imolatecnica.it\/es\/#organization","name":"Imola Tecnica","url":"https:\/\/imolatecnica.it\/es\/","logo":{"@type":"ImageObject","inLanguage":"es","@id":"https:\/\/imolatecnica.it\/es\/#\/schema\/logo\/image\/","url":"https:\/\/imolatecnica.it\/wp-content\/uploads\/2018\/06\/logotype@2x.jpg","contentUrl":"https:\/\/imolatecnica.it\/wp-content\/uploads\/2018\/06\/logotype@2x.jpg","width":1684,"height":1192,"caption":"Imola Tecnica"},"image":{"@id":"https:\/\/imolatecnica.it\/es\/#\/schema\/logo\/image\/"},"sameAs":["https:\/\/www.linkedin.com\/company\/imola-tecnica-srl\/"]}]}},"_links":{"self":[{"href":"https:\/\/imolatecnica.it\/es\/wp-json\/wp\/v2\/pages\/31272","targetHints":{"allow":["GET"]}}],"collection":[{"href":"https:\/\/imolatecnica.it\/es\/wp-json\/wp\/v2\/pages"}],"about":[{"href":"https:\/\/imolatecnica.it\/es\/wp-json\/wp\/v2\/types\/page"}],"author":[{"embeddable":true,"href":"https:\/\/imolatecnica.it\/es\/wp-json\/wp\/v2\/users\/4"}],"replies":[{"embeddable":true,"href":"https:\/\/imolatecnica.it\/es\/wp-json\/wp\/v2\/comments?post=31272"}],"version-history":[{"count":2,"href":"https:\/\/imolatecnica.it\/es\/wp-json\/wp\/v2\/pages\/31272\/revisions"}],"predecessor-version":[{"id":69173,"href":"https:\/\/imolatecnica.it\/es\/wp-json\/wp\/v2\/pages\/31272\/revisions\/69173"}],"up":[{"embeddable":true,"href":"https:\/\/imolatecnica.it\/es\/wp-json\/wp\/v2\/pages\/31517"}],"wp:featuredmedia":[{"embeddable":true,"href":"https:\/\/imolatecnica.it\/es\/wp-json\/wp\/v2\/media\/7901"}],"wp:attachment":[{"href":"https:\/\/imolatecnica.it\/es\/wp-json\/wp\/v2\/media?parent=31272"}],"curies":[{"name":"wp","href":"https:\/\/api.w.org\/{rel}","templated":true}]}}