{"id":11776,"date":"2017-12-11T00:15:02","date_gmt":"2017-12-10T23:15:02","guid":{"rendered":"https:\/\/imolatecnica.it\/cemento\/"},"modified":"2023-11-20T16:38:32","modified_gmt":"2023-11-20T15:38:32","slug":"finitura-gres-cemento","status":"publish","type":"page","link":"https:\/\/imolatecnica.it\/es\/finitura-gres-cemento\/","title":{"rendered":"Cemento"},"content":{"rendered":"<p>Azuma es la materializaci\u00f3n de una nueva filosof\u00eda de dise\u00f1o que se inspira en un modo de concebir los hogares y que comparte la idea del espacio propia deJap\u00f3n.<\/p>\n","protected":false},"excerpt":{"rendered":"<p>Azuma es la materializaci\u00f3n de una nueva filosof\u00eda de dise\u00f1o que se inspira en un modo de concebir los hogares y que comparte la idea del espacio propia deJap\u00f3n.<\/p>\n","protected":false},"author":5,"featured_media":0,"parent":0,"menu_order":15,"comment_status":"closed","ping_status":"closed","template":"template-pages\/abstract-template.php","meta":{"_acf_changed":false},"class_list":["post-11776","page","type-page","status-publish","hentry"],"acf":[],"yoast_head":"<!-- This site is optimized with the Yoast SEO plugin v27.2 - https:\/\/yoast.com\/product\/yoast-seo-wordpress\/ -->\n<title>Cemento - Imola Tecnica es<\/title>\n<meta name=\"description\" content=\"Azuma es la materializaci\u00f3n de una nueva filosof\u00eda de dise\u00f1o que se inspira en un modo de concebir los hogares y que comparte la idea del espacio propia deJap\u00f3n.\" \/>\n<meta name=\"robots\" content=\"index, follow, max-snippet:-1, max-image-preview:large, max-video-preview:-1\" \/>\n<link rel=\"canonical\" href=\"https:\/\/imolatecnica.it\/es\/finitura-gres-cemento\/\" \/>\n<meta property=\"og:locale\" content=\"es_ES\" \/>\n<meta property=\"og:type\" content=\"article\" \/>\n<meta property=\"og:title\" content=\"Cemento - Imola Tecnica es\" \/>\n<meta property=\"og:description\" content=\"Azuma es la materializaci\u00f3n de una nueva filosof\u00eda de dise\u00f1o que se inspira en un modo de concebir los hogares y que comparte la idea del espacio propia deJap\u00f3n.\" \/>\n<meta property=\"og:url\" content=\"https:\/\/imolatecnica.it\/es\/finitura-gres-cemento\/\" \/>\n<meta property=\"og:site_name\" content=\"Imola Tecnica es\" \/>\n<meta property=\"article:modified_time\" content=\"2023-11-20T15:38:32+00:00\" \/>\n<meta name=\"twitter:card\" content=\"summary_large_image\" \/>\n<script type=\"application\/ld+json\" class=\"yoast-schema-graph\">{\"@context\":\"https:\/\/schema.org\",\"@graph\":[{\"@type\":\"WebPage\",\"@id\":\"https:\/\/imolatecnica.it\/es\/finitura-gres-cemento\/\",\"url\":\"https:\/\/imolatecnica.it\/es\/finitura-gres-cemento\/\",\"name\":\"Cemento - Imola Tecnica es\",\"isPartOf\":{\"@id\":\"https:\/\/imolatecnica.it\/es\/#website\"},\"datePublished\":\"2017-12-10T23:15:02+00:00\",\"dateModified\":\"2023-11-20T15:38:32+00:00\",\"description\":\"Azuma es la materializaci\u00f3n de una nueva filosof\u00eda de dise\u00f1o que se inspira en un modo de concebir los hogares y que comparte la idea del espacio propia deJap\u00f3n.\",\"breadcrumb\":{\"@id\":\"https:\/\/imolatecnica.it\/es\/finitura-gres-cemento\/#breadcrumb\"},\"inLanguage\":\"es\",\"potentialAction\":[{\"@type\":\"ReadAction\",\"target\":[\"https:\/\/imolatecnica.it\/es\/finitura-gres-cemento\/\"]}]},{\"@type\":\"BreadcrumbList\",\"@id\":\"https:\/\/imolatecnica.it\/es\/finitura-gres-cemento\/#breadcrumb\",\"itemListElement\":[{\"@type\":\"ListItem\",\"position\":1,\"name\":\"Home\",\"item\":\"https:\/\/imolatecnica.it\/es\/imola-tecnica\/\"},{\"@type\":\"ListItem\",\"position\":2,\"name\":\"Cemento\"}]},{\"@type\":\"WebSite\",\"@id\":\"https:\/\/imolatecnica.it\/es\/#website\",\"url\":\"https:\/\/imolatecnica.it\/es\/\",\"name\":\"Imola Tecnica es\",\"description\":\"Progettiamo e realizziamo facciate ventilate e pavimenti sopraelevati es.\",\"publisher\":{\"@id\":\"https:\/\/imolatecnica.it\/es\/#organization\"},\"potentialAction\":[{\"@type\":\"SearchAction\",\"target\":{\"@type\":\"EntryPoint\",\"urlTemplate\":\"https:\/\/imolatecnica.it\/es\/?s={search_term_string}\"},\"query-input\":{\"@type\":\"PropertyValueSpecification\",\"valueRequired\":true,\"valueName\":\"search_term_string\"}}],\"inLanguage\":\"es\"},{\"@type\":\"Organization\",\"@id\":\"https:\/\/imolatecnica.it\/es\/#organization\",\"name\":\"Imola Tecnica\",\"url\":\"https:\/\/imolatecnica.it\/es\/\",\"logo\":{\"@type\":\"ImageObject\",\"inLanguage\":\"es\",\"@id\":\"https:\/\/imolatecnica.it\/es\/#\/schema\/logo\/image\/\",\"url\":\"https:\/\/imolatecnica.it\/wp-content\/uploads\/2018\/06\/logotype@2x.jpg\",\"contentUrl\":\"https:\/\/imolatecnica.it\/wp-content\/uploads\/2018\/06\/logotype@2x.jpg\",\"width\":1684,\"height\":1192,\"caption\":\"Imola Tecnica\"},\"image\":{\"@id\":\"https:\/\/imolatecnica.it\/es\/#\/schema\/logo\/image\/\"},\"sameAs\":[\"https:\/\/www.linkedin.com\/company\/imola-tecnica-srl\/\"]}]}<\/script>\n<!-- \/ Yoast SEO plugin. -->","yoast_head_json":{"title":"Cemento - Imola Tecnica es","description":"Azuma es la materializaci\u00f3n de una nueva filosof\u00eda de dise\u00f1o que se inspira en un modo de concebir los hogares y que comparte la idea del espacio propia deJap\u00f3n.","robots":{"index":"index","follow":"follow","max-snippet":"max-snippet:-1","max-image-preview":"max-image-preview:large","max-video-preview":"max-video-preview:-1"},"canonical":"https:\/\/imolatecnica.it\/es\/finitura-gres-cemento\/","og_locale":"es_ES","og_type":"article","og_title":"Cemento - Imola Tecnica es","og_description":"Azuma es la materializaci\u00f3n de una nueva filosof\u00eda de dise\u00f1o que se inspira en un modo de concebir los hogares y que comparte la idea del espacio propia deJap\u00f3n.","og_url":"https:\/\/imolatecnica.it\/es\/finitura-gres-cemento\/","og_site_name":"Imola Tecnica es","article_modified_time":"2023-11-20T15:38:32+00:00","twitter_card":"summary_large_image","schema":{"@context":"https:\/\/schema.org","@graph":[{"@type":"WebPage","@id":"https:\/\/imolatecnica.it\/es\/finitura-gres-cemento\/","url":"https:\/\/imolatecnica.it\/es\/finitura-gres-cemento\/","name":"Cemento - Imola Tecnica es","isPartOf":{"@id":"https:\/\/imolatecnica.it\/es\/#website"},"datePublished":"2017-12-10T23:15:02+00:00","dateModified":"2023-11-20T15:38:32+00:00","description":"Azuma es la materializaci\u00f3n de una nueva filosof\u00eda de dise\u00f1o que se inspira en un modo de concebir los hogares y que comparte la idea del espacio propia deJap\u00f3n.","breadcrumb":{"@id":"https:\/\/imolatecnica.it\/es\/finitura-gres-cemento\/#breadcrumb"},"inLanguage":"es","potentialAction":[{"@type":"ReadAction","target":["https:\/\/imolatecnica.it\/es\/finitura-gres-cemento\/"]}]},{"@type":"BreadcrumbList","@id":"https:\/\/imolatecnica.it\/es\/finitura-gres-cemento\/#breadcrumb","itemListElement":[{"@type":"ListItem","position":1,"name":"Home","item":"https:\/\/imolatecnica.it\/es\/imola-tecnica\/"},{"@type":"ListItem","position":2,"name":"Cemento"}]},{"@type":"WebSite","@id":"https:\/\/imolatecnica.it\/es\/#website","url":"https:\/\/imolatecnica.it\/es\/","name":"Imola Tecnica es","description":"Progettiamo e realizziamo facciate ventilate e pavimenti sopraelevati es.","publisher":{"@id":"https:\/\/imolatecnica.it\/es\/#organization"},"potentialAction":[{"@type":"SearchAction","target":{"@type":"EntryPoint","urlTemplate":"https:\/\/imolatecnica.it\/es\/?s={search_term_string}"},"query-input":{"@type":"PropertyValueSpecification","valueRequired":true,"valueName":"search_term_string"}}],"inLanguage":"es"},{"@type":"Organization","@id":"https:\/\/imolatecnica.it\/es\/#organization","name":"Imola Tecnica","url":"https:\/\/imolatecnica.it\/es\/","logo":{"@type":"ImageObject","inLanguage":"es","@id":"https:\/\/imolatecnica.it\/es\/#\/schema\/logo\/image\/","url":"https:\/\/imolatecnica.it\/wp-content\/uploads\/2018\/06\/logotype@2x.jpg","contentUrl":"https:\/\/imolatecnica.it\/wp-content\/uploads\/2018\/06\/logotype@2x.jpg","width":1684,"height":1192,"caption":"Imola Tecnica"},"image":{"@id":"https:\/\/imolatecnica.it\/es\/#\/schema\/logo\/image\/"},"sameAs":["https:\/\/www.linkedin.com\/company\/imola-tecnica-srl\/"]}]}},"_links":{"self":[{"href":"https:\/\/imolatecnica.it\/es\/wp-json\/wp\/v2\/pages\/11776","targetHints":{"allow":["GET"]}}],"collection":[{"href":"https:\/\/imolatecnica.it\/es\/wp-json\/wp\/v2\/pages"}],"about":[{"href":"https:\/\/imolatecnica.it\/es\/wp-json\/wp\/v2\/types\/page"}],"author":[{"embeddable":true,"href":"https:\/\/imolatecnica.it\/es\/wp-json\/wp\/v2\/users\/5"}],"replies":[{"embeddable":true,"href":"https:\/\/imolatecnica.it\/es\/wp-json\/wp\/v2\/comments?post=11776"}],"version-history":[{"count":3,"href":"https:\/\/imolatecnica.it\/es\/wp-json\/wp\/v2\/pages\/11776\/revisions"}],"predecessor-version":[{"id":13164,"href":"https:\/\/imolatecnica.it\/es\/wp-json\/wp\/v2\/pages\/11776\/revisions\/13164"}],"wp:attachment":[{"href":"https:\/\/imolatecnica.it\/es\/wp-json\/wp\/v2\/media?parent=11776"}],"curies":[{"name":"wp","href":"https:\/\/api.w.org\/{rel}","templated":true}]}}